{"id":2746,"date":"2024-04-04T15:10:28","date_gmt":"2024-04-04T13:10:28","guid":{"rendered":"https:\/\/hotelnestedejade.com\/?page_id=2746"},"modified":"2024-04-22T13:11:42","modified_gmt":"2024-04-22T11:11:42","slug":"donnez-votre-avis","status":"publish","type":"page","link":"https:\/\/hotelnestedejade.com\/es\/donnez-votre-avis\/","title":{"rendered":"Donnez v\u00f4tre avis"},"content":{"rendered":"\t\t<div data-elementor-type=\"wp-page\" data-elementor-id=\"2746\" class=\"elementor elementor-2746\" data-elementor-post-type=\"page\">\n\t\t\t\t\t\t<section class=\"elementor-section elementor-top-section elementor-element elementor-element-f128639 elementor-section-stretched elementor-section-full_width elementor-section-height-min-height elementor-section-height-default elementor-section-items-middle\" data-id=\"f128639\" data-element_type=\"section\" data-e-type=\"section\" data-settings=\"{&quot;stretch_section&quot;:&quot;section-stretched&quot;,&quot;background_background&quot;:&quot;classic&quot;}\">\n\t\t\t\t\t\t\t<div class=\"elementor-background-overlay\"><\/div>\n\t\t\t\t\t\t\t<div class=\"elementor-container elementor-column-gap-default\">\n\t\t\t\t\t<div class=\"elementor-column elementor-col-100 elementor-top-column elementor-element elementor-element-1878a30\" data-id=\"1878a30\" data-element_type=\"column\" data-e-type=\"column\">\n\t\t\t<div class=\"elementor-widget-wrap elementor-element-populated\">\n\t\t\t\t\t\t<div class=\"elementor-element elementor-element-e37d6eb elementor-widget__width-auto elementor-widget elementor-widget-heading\" data-id=\"e37d6eb\" data-element_type=\"widget\" data-e-type=\"widget\" data-widget_type=\"heading.default\">\n\t\t\t\t<div class=\"elementor-widget-container\">\n\t\t\t\t\t<h1 class=\"elementor-heading-title elementor-size-default\">Donnez v\u00f4tre avis<\/h1>\t\t\t\t<\/div>\n\t\t\t\t<\/div>\n\t\t\t\t\t<\/div>\n\t\t<\/div>\n\t\t\t\t\t<\/div>\n\t\t<\/section>\n\t\t<div class=\"elementor-element elementor-element-bba71a8 e-flex e-con-boxed e-con e-parent\" data-id=\"bba71a8\" data-element_type=\"container\" data-e-type=\"container\">\n\t\t\t\t\t<div class=\"e-con-inner\">\n\t\t<div class=\"elementor-element elementor-element-97c4c07 e-con-full e-flex e-con e-child\" data-id=\"97c4c07\" data-element_type=\"container\" data-e-type=\"container\">\n\t\t\t\t<div class=\"elementor-element elementor-element-c19a703 elementor-widget elementor-widget-text-editor\" data-id=\"c19a703\" data-element_type=\"widget\" data-e-type=\"widget\" data-widget_type=\"text-editor.default\">\n\t\t\t\t<div class=\"elementor-widget-container\">\n\t\t\t\t\t\t\t\t\t<p>Vous venez de passer un s\u00e9jour dans notre h\u00f4tel et nous vous en remercions. La satisfaction client est l&rsquo;une de nos priorit\u00e9s. C&rsquo;est pour cela que nous vous demandons 2 minutes de votre pr\u00e9cieux temps, afin de partager avec nous votre exp\u00e9rience dans notre \u00e9tablissement. Merci et au plaisir de vous revoir bient\u00f4t !<\/p>\t\t\t\t\t\t\t\t<\/div>\n\t\t\t\t<\/div>\n\t\t\t\t<div class=\"elementor-element elementor-element-9832ca6 elementor-widget elementor-widget-shortcode\" data-id=\"9832ca6\" data-element_type=\"widget\" data-e-type=\"widget\" data-widget_type=\"shortcode.default\">\n\t\t\t\t<div class=\"elementor-widget-container\">\n\t\t\t\t\t\t\t<div class=\"elementor-shortcode\"><div class=\"shortcode-site-reviews-form\"><div class=\"glsr glsr-elementor\" id=\"glsr_c3b4emxc\" data-from=\"shortcode\" data-shortcode=\"site_reviews_form\"><div class=\"glsr-form-wrap\">\n    <form class=\"elementor-form glsr-form glsr-review-form\" method=\"post\" enctype=\"multipart\/form-data\">\n        <input type=\"hidden\" name=\"site-reviews[_action]\" value=\"submit-review\" \/>\n<input type=\"hidden\" name=\"site-reviews[_nonce]\" value=\"07c1d08cc6\" \/>\n<input type=\"hidden\" name=\"site-reviews[_post_id]\" value=\"2746\" \/>\n<input type=\"hidden\" name=\"site-reviews[_referer]\" value=\"\" \/>\n<input type=\"hidden\" name=\"site-reviews[assigned_posts]\" value=\"\" \/>\n<input type=\"hidden\" name=\"site-reviews[assigned_terms]\" value=\"\" \/>\n<input type=\"hidden\" name=\"site-reviews[assigned_users]\" value=\"\" \/>\n<input type=\"hidden\" name=\"site-reviews[excluded]\" value=\"\" \/>\n<input type=\"hidden\" name=\"site-reviews[form_id]\" value=\"glsr_c3b4emxc\" \/>\n<input type=\"hidden\" name=\"site-reviews[form_signature]\" value=\"aXm5Ix6H3WBpTzMhT2BeF4x3EdExf_yw5ylCXxnejYHq2IX2oYf4dbdYF702Xj5ph0M-aszc2J0tGm_YMjLq13GLuY3W7jftmodWVXKzzhaUi2cw-C0FwMqaNbzi78VVBaMTiH0De4ZzxU6TnQRBTeQ6r7jDvMnvzHakuWNh4V4A5df2sJrYGitATAcVo0i_EfsZisBQcAUrwvmy4dZNARsDK3TxEsbji-1YpWYCaVKaiIeGMA-iVliuDKTQS5pHWKH0cjCcksARimSxXaEhHyzxaeaUEjb6y1dMOHRJ6EbwsmO_ayowiXgm19-iylV7-Ycx64Ko9Pr9Vu1MZobAnLTpkDnI9NTdmxqDty564idpijkz2uCo9O4xPoUs2pBQIS9kajjLXXZXuDsz5o1weMf4Qzx5tkAQMIH8cgq4BkiRPc4FADNkmIaAkyI\" \/>\n<input type=\"hidden\" name=\"site-reviews[terms_exist]\" value=\"1\" \/>\n<div class=\"glsr-field\" style=\"display:none;\"><label for=\"site-reviews-055a3bf2-glsr_c3b4emxc\">Tu rese\u00f1a<\/label><input type=\"text\" class=\"glsr-input glsr-input-text\" id=\"site-reviews-055a3bf2-glsr_c3b4emxc\" name=\"site-reviews[055a3bf2]\" value=\"\" \/><\/div>\n<div class=\"elementor-field-required glsr-field glsr-field-rating glsr-required\" data-field=\"rating\" data-type=\"rating\">\n    <label class=\"elementor-field-label glsr-label\" for=\"glsr_c3b4emxc-rating\">\n    <span>Tu puntuaci\u00f3n global<\/span>\n<\/label>\n    <select class=\"browser-default disable-select elementor-field-textual elementor-size-sm glsr-select no-wrap no_wrap\" id=\"glsr_c3b4emxc-rating\" name=\"site-reviews[rating]\" required><option value=\"\">Seleccionar una puntuaci\u00f3n<\/option><option value=\"5\">5 estrellas<\/option><option value=\"4\">4 estrellas<\/option><option value=\"3\">3 estrellas<\/option><option value=\"2\">2 estrellas<\/option><option value=\"1\">1 estrella<\/option><\/select>\n    <div class=\"elementor-form-help-inline elementor-help-inline elementor-message elementor-message-danger glsr-field-error\"><\/div>\n<\/div>\n<div class=\"elementor-field-required glsr-field glsr-field-text glsr-required\" data-field=\"title\" data-type=\"text\">\n    <label class=\"elementor-field-label glsr-label\" for=\"glsr_c3b4emxc-title\">\n    <span>T\u00edtulo de tu rese\u00f1a<\/span>\n<\/label>\n    <input type=\"text\" class=\"elementor-field elementor-field-textual elementor-size-sm glsr-input glsr-input-text\" id=\"glsr_c3b4emxc-title\" name=\"site-reviews[title]\" required placeholder=\"Resume tu rese\u00f1a o resalta un detalle interesante\" value=\"\" \/>\n    <div class=\"elementor-form-help-inline elementor-help-inline elementor-message elementor-message-danger glsr-field-error\"><\/div>\n<\/div>\n<div class=\"elementor-field-required glsr-field glsr-field-textarea glsr-required\" data-field=\"content\" data-type=\"textarea\">\n    <label class=\"elementor-field-label glsr-label\" for=\"glsr_c3b4emxc-content\">\n    <span>Tu rese\u00f1a<\/span>\n<\/label>\n    <textarea class=\"elementor-field elementor-field-textual elementor-size-sm glsr-textarea\" id=\"glsr_c3b4emxc-content\" name=\"site-reviews[content]\" required placeholder=\"Comparte tu opini\u00f3n\" rows=\"5\"><\/textarea>\n    <div class=\"elementor-form-help-inline elementor-help-inline elementor-message elementor-message-danger glsr-field-error\"><\/div>\n<\/div>\n<div class=\"elementor-field-required glsr-field glsr-field-text glsr-required\" data-field=\"name\" data-type=\"text\">\n    <label class=\"elementor-field-label glsr-label\" for=\"glsr_c3b4emxc-name\">\n    <span>Tu nombre<\/span>\n<\/label>\n    <input type=\"text\" class=\"elementor-field elementor-field-textual elementor-size-sm glsr-input glsr-input-text\" id=\"glsr_c3b4emxc-name\" name=\"site-reviews[name]\" required placeholder=\"Dinos tu nombre\" value=\"\" \/>\n    <div class=\"elementor-form-help-inline elementor-help-inline elementor-message elementor-message-danger glsr-field-error\"><\/div>\n<\/div>\n<div class=\"elementor-field-required glsr-field glsr-field-email glsr-required\" data-field=\"email\" data-type=\"email\">\n    <label class=\"elementor-field-label glsr-label\" for=\"glsr_c3b4emxc-email\">\n    <span>Tu correo electr\u00f3nico<\/span>\n<\/label>\n    <input type=\"email\" class=\"elementor-field elementor-field-textual elementor-size-sm glsr-input glsr-input-email\" id=\"glsr_c3b4emxc-email\" name=\"site-reviews[email]\" required placeholder=\"Dinos tu email\" value=\"\" \/>\n    <div class=\"elementor-form-help-inline elementor-help-inline elementor-message elementor-message-danger glsr-field-error\"><\/div>\n<\/div>\n<div class=\"elementor-field-required glsr-field glsr-field-choice glsr-required\" data-field=\"terms\" data-type=\"toggle\">\n    \n    <div class=\"glsr-field-subgroup\">\n        <span class=\"glsr-field-toggle\">\n    <span>\n        <span class=\"glsr-toggle\"><input type=\"checkbox\" class=\"glsr-input-toggle\" id=\"glsr_c3b4emxc-terms-1\" name=\"site-reviews[terms]\" required value=\"1\" \/><span class=\"glsr-toggle-track\"><\/span><\/span>\n    <\/span>\n    <label for=\"glsr_c3b4emxc-terms-1\">Esta rese\u00f1a se basa en mi propia experiencia y es mi opini\u00f3n genuina.<\/label>\n<\/span>\n    <\/div>\n    <div class=\"elementor-form-help-inline elementor-help-inline elementor-message elementor-message-danger glsr-field-error\"><\/div>\n<\/div>\n        <div class=\"elementor-message glsr-form-message\">\n    \n<\/div>\n        <div class=\"e-form__buttons\" data-field=\"submit-button\">\n    <button type=\"submit\" class=\"elementor-button elementor-size-sm glsr-button\"\n        aria-busy=\"false\"\n        data-loading=\"Enviando, por favor espera...\"\n    >Publiez votre avis<\/button>\n<\/div>\n    <\/form>\n<\/div><\/div><\/div><\/div>\n\t\t\t\t\t\t<\/div>\n\t\t\t\t<\/div>\n\t\t\t\t<\/div>\n\t\t\t\t\t<\/div>\n\t\t\t\t<\/div>\n\t\t\t\t<\/div>\n\t\t","protected":false},"excerpt":{"rendered":"<p>Donnez v\u00f4tre avis Vous venez de passer un s\u00e9jour dans notre h\u00f4tel et nous vous en remercions. La satisfaction client est l&rsquo;une de nos priorit\u00e9s. C&rsquo;est pour cela que nous vous demandons 2 minutes de votre pr\u00e9cieux temps, afin de partager avec nous votre exp\u00e9rience dans notre \u00e9tablissement. Merci et au plaisir de vous revoir &#8230; <a title=\"Donnez v\u00f4tre avis\" class=\"read-more\" href=\"https:\/\/hotelnestedejade.com\/es\/donnez-votre-avis\/\" aria-label=\"Leer m\u00e1s sobre Donnez v\u00f4tre avis\">Leer m\u00e1s<\/a><\/p>","protected":false},"author":1,"featured_media":0,"parent":0,"menu_order":0,"comment_status":"closed","ping_status":"closed","template":"elementor_header_footer","meta":{"_glsr_average":0,"_glsr_ranking":0,"_glsr_reviews":0,"footnotes":""},"class_list":["post-2746","page","type-page","status-publish"],"yoast_head":"<!-- This site is optimized with the Yoast SEO plugin v27.2 - https:\/\/yoast.com\/product\/yoast-seo-wordpress\/ -->\n<title>Donnez v\u00f4tre avis - H\u00f4tel Neste de Jade, Saint-Lary Soulan, Hautes-Pyr\u00e9n\u00e9es<\/title>\n<meta name=\"robots\" content=\"noindex, nofollow\" \/>\n<meta property=\"og:locale\" content=\"es_ES\" \/>\n<meta property=\"og:type\" content=\"article\" \/>\n<meta property=\"og:title\" content=\"Donnez v\u00f4tre avis - H\u00f4tel Neste de Jade, Saint-Lary Soulan, Hautes-Pyr\u00e9n\u00e9es\" \/>\n<meta property=\"og:description\" content=\"Donnez v\u00f4tre avis Vous venez de passer un s\u00e9jour dans notre h\u00f4tel et nous vous en remercions. La satisfaction client est l&rsquo;une de nos priorit\u00e9s. C&rsquo;est pour cela que nous vous demandons 2 minutes de votre pr\u00e9cieux temps, afin de partager avec nous votre exp\u00e9rience dans notre \u00e9tablissement. Merci et au plaisir de vous revoir ... Leer m\u00e1s\" \/>\n<meta property=\"og:url\" content=\"https:\/\/hotelnestedejade.com\/es\/donnez-votre-avis\/\" \/>\n<meta property=\"og:site_name\" content=\"H\u00f4tel Neste de Jade, Saint-Lary Soulan, Hautes-Pyr\u00e9n\u00e9es\" \/>\n<meta property=\"article:modified_time\" content=\"2024-04-22T11:11:42+00:00\" \/>\n<meta name=\"twitter:card\" content=\"summary_large_image\" \/>\n<meta name=\"twitter:label1\" content=\"Tiempo de lectura\" \/>\n\t<meta name=\"twitter:data1\" content=\"1 minuto\" \/>\n<script type=\"application\/ld+json\" class=\"yoast-schema-graph\">{\"@context\":\"https:\/\/schema.org\",\"@graph\":[{\"@type\":\"WebPage\",\"@id\":\"https:\/\/hotelnestedejade.com\/donnez-votre-avis\/\",\"url\":\"https:\/\/hotelnestedejade.com\/donnez-votre-avis\/\",\"name\":\"Donnez v\u00f4tre avis - H\u00f4tel Neste de Jade, Saint-Lary Soulan, Hautes-Pyr\u00e9n\u00e9es\",\"isPartOf\":{\"@id\":\"https:\/\/hotelnestedejade.com\/#website\"},\"datePublished\":\"2024-04-04T13:10:28+00:00\",\"dateModified\":\"2024-04-22T11:11:42+00:00\",\"breadcrumb\":{\"@id\":\"https:\/\/hotelnestedejade.com\/donnez-votre-avis\/#breadcrumb\"},\"inLanguage\":\"es\",\"potentialAction\":[{\"@type\":\"ReadAction\",\"target\":[\"https:\/\/hotelnestedejade.com\/donnez-votre-avis\/\"]}]},{\"@type\":\"BreadcrumbList\",\"@id\":\"https:\/\/hotelnestedejade.com\/donnez-votre-avis\/#breadcrumb\",\"itemListElement\":[{\"@type\":\"ListItem\",\"position\":1,\"name\":\"Accueil\",\"item\":\"https:\/\/hotelnestedejade.com\/\"},{\"@type\":\"ListItem\",\"position\":2,\"name\":\"Donnez v\u00f4tre avis\"}]},{\"@type\":\"WebSite\",\"@id\":\"https:\/\/hotelnestedejade.com\/#website\",\"url\":\"https:\/\/hotelnestedejade.com\/\",\"name\":\"H\u00f4tel Neste de Jade, Saint-Lary Soulan, Hautes-Pyr\u00e9n\u00e9es\",\"description\":\"H\u00f4tel \u00e0 Saint Lary Soulan, Hautes-Pyr\u00e9n\u00e9es 65\",\"publisher\":{\"@id\":\"https:\/\/hotelnestedejade.com\/#organization\"},\"potentialAction\":[{\"@type\":\"SearchAction\",\"target\":{\"@type\":\"EntryPoint\",\"urlTemplate\":\"https:\/\/hotelnestedejade.com\/?s={search_term_string}\"},\"query-input\":{\"@type\":\"PropertyValueSpecification\",\"valueRequired\":true,\"valueName\":\"search_term_string\"}}],\"inLanguage\":\"es\"},{\"@type\":\"Organization\",\"@id\":\"https:\/\/hotelnestedejade.com\/#organization\",\"name\":\"H\u00f4tel Neste de Jade\",\"url\":\"https:\/\/hotelnestedejade.com\/\",\"logo\":{\"@type\":\"ImageObject\",\"inLanguage\":\"es\",\"@id\":\"https:\/\/hotelnestedejade.com\/#\/schema\/logo\/image\/\",\"url\":\"https:\/\/hotelnestedejade.com\/wp-content\/uploads\/2020\/03\/logo-1.png\",\"contentUrl\":\"https:\/\/hotelnestedejade.com\/wp-content\/uploads\/2020\/03\/logo-1.png\",\"width\":504,\"height\":179,\"caption\":\"H\u00f4tel Neste de Jade\"},\"image\":{\"@id\":\"https:\/\/hotelnestedejade.com\/#\/schema\/logo\/image\/\"}}]}<\/script>\n<!-- \/ Yoast SEO plugin. -->","yoast_head_json":{"title":"Donnez v\u00f4tre avis - H\u00f4tel Neste de Jade, Saint-Lary Soulan, Hautes-Pyr\u00e9n\u00e9es","robots":{"index":"noindex","follow":"nofollow"},"og_locale":"es_ES","og_type":"article","og_title":"Donnez v\u00f4tre avis - H\u00f4tel Neste de Jade, Saint-Lary Soulan, Hautes-Pyr\u00e9n\u00e9es","og_description":"Donnez v\u00f4tre avis Vous venez de passer un s\u00e9jour dans notre h\u00f4tel et nous vous en remercions. La satisfaction client est l&rsquo;une de nos priorit\u00e9s. C&rsquo;est pour cela que nous vous demandons 2 minutes de votre pr\u00e9cieux temps, afin de partager avec nous votre exp\u00e9rience dans notre \u00e9tablissement. Merci et au plaisir de vous revoir ... Leer m\u00e1s","og_url":"https:\/\/hotelnestedejade.com\/es\/donnez-votre-avis\/","og_site_name":"H\u00f4tel Neste de Jade, Saint-Lary Soulan, Hautes-Pyr\u00e9n\u00e9es","article_modified_time":"2024-04-22T11:11:42+00:00","twitter_card":"summary_large_image","twitter_misc":{"Tiempo de lectura":"1 minuto"},"schema":{"@context":"https:\/\/schema.org","@graph":[{"@type":"WebPage","@id":"https:\/\/hotelnestedejade.com\/donnez-votre-avis\/","url":"https:\/\/hotelnestedejade.com\/donnez-votre-avis\/","name":"Donnez v\u00f4tre avis - H\u00f4tel Neste de Jade, Saint-Lary Soulan, Hautes-Pyr\u00e9n\u00e9es","isPartOf":{"@id":"https:\/\/hotelnestedejade.com\/#website"},"datePublished":"2024-04-04T13:10:28+00:00","dateModified":"2024-04-22T11:11:42+00:00","breadcrumb":{"@id":"https:\/\/hotelnestedejade.com\/donnez-votre-avis\/#breadcrumb"},"inLanguage":"es","potentialAction":[{"@type":"ReadAction","target":["https:\/\/hotelnestedejade.com\/donnez-votre-avis\/"]}]},{"@type":"BreadcrumbList","@id":"https:\/\/hotelnestedejade.com\/donnez-votre-avis\/#breadcrumb","itemListElement":[{"@type":"ListItem","position":1,"name":"Accueil","item":"https:\/\/hotelnestedejade.com\/"},{"@type":"ListItem","position":2,"name":"Donnez v\u00f4tre avis"}]},{"@type":"WebSite","@id":"https:\/\/hotelnestedejade.com\/#website","url":"https:\/\/hotelnestedejade.com\/","name":"Hotel Neste de Jade, Saint-Lary Soulan, Hautes-Pyr\u00e9n\u00e9es","description":"H\u00f4tel \u00e0 Saint Lary Soulan, Hautes-Pyr\u00e9n\u00e9es 65","publisher":{"@id":"https:\/\/hotelnestedejade.com\/#organization"},"potentialAction":[{"@type":"SearchAction","target":{"@type":"EntryPoint","urlTemplate":"https:\/\/hotelnestedejade.com\/?s={search_term_string}"},"query-input":{"@type":"PropertyValueSpecification","valueRequired":true,"valueName":"search_term_string"}}],"inLanguage":"es"},{"@type":"Organization","@id":"https:\/\/hotelnestedejade.com\/#organization","name":"H\u00f4tel Neste de Jade","url":"https:\/\/hotelnestedejade.com\/","logo":{"@type":"ImageObject","inLanguage":"es","@id":"https:\/\/hotelnestedejade.com\/#\/schema\/logo\/image\/","url":"https:\/\/hotelnestedejade.com\/wp-content\/uploads\/2020\/03\/logo-1.png","contentUrl":"https:\/\/hotelnestedejade.com\/wp-content\/uploads\/2020\/03\/logo-1.png","width":504,"height":179,"caption":"H\u00f4tel Neste de Jade"},"image":{"@id":"https:\/\/hotelnestedejade.com\/#\/schema\/logo\/image\/"}}]}},"_links":{"self":[{"href":"https:\/\/hotelnestedejade.com\/es\/wp-json\/wp\/v2\/pages\/2746","targetHints":{"allow":["GET"]}}],"collection":[{"href":"https:\/\/hotelnestedejade.com\/es\/wp-json\/wp\/v2\/pages"}],"about":[{"href":"https:\/\/hotelnestedejade.com\/es\/wp-json\/wp\/v2\/types\/page"}],"author":[{"embeddable":true,"href":"https:\/\/hotelnestedejade.com\/es\/wp-json\/wp\/v2\/users\/1"}],"replies":[{"embeddable":true,"href":"https:\/\/hotelnestedejade.com\/es\/wp-json\/wp\/v2\/comments?post=2746"}],"version-history":[{"count":14,"href":"https:\/\/hotelnestedejade.com\/es\/wp-json\/wp\/v2\/pages\/2746\/revisions"}],"predecessor-version":[{"id":2770,"href":"https:\/\/hotelnestedejade.com\/es\/wp-json\/wp\/v2\/pages\/2746\/revisions\/2770"}],"wp:attachment":[{"href":"https:\/\/hotelnestedejade.com\/es\/wp-json\/wp\/v2\/media?parent=2746"}],"curies":[{"name":"wp","href":"https:\/\/api.w.org\/{rel}","templated":true}]}}