{"id":2433,"date":"2021-09-30T16:07:40","date_gmt":"2021-09-30T14:07:40","guid":{"rendered":"https:\/\/hotelnestedejade.com\/?page_id=2433"},"modified":"2025-09-04T00:06:05","modified_gmt":"2025-09-03T22:06:05","slug":"conditions-generales","status":"publish","type":"page","link":"https:\/\/hotelnestedejade.com\/es\/conditions-generales\/","title":{"rendered":"Condiciones Generales"},"content":{"rendered":"<div data-elementor-type=\"wp-page\" data-elementor-id=\"2433\" class=\"elementor elementor-2433\" data-elementor-post-type=\"page\">\n\t\t\t\t\t\t<section class=\"elementor-section elementor-top-section elementor-element elementor-element-ad4113a elementor-section-stretched elementor-section-full_width elementor-section-height-min-height elementor-section-height-default elementor-section-items-middle\" data-id=\"ad4113a\" data-element_type=\"section\" data-e-type=\"section\" data-settings=\"{&quot;stretch_section&quot;:&quot;section-stretched&quot;,&quot;background_background&quot;:&quot;classic&quot;}\">\n\t\t\t\t\t\t\t<div class=\"elementor-background-overlay\"><\/div>\n\t\t\t\t\t\t\t<div class=\"elementor-container elementor-column-gap-default\">\n\t\t\t\t\t<div class=\"elementor-column elementor-col-100 elementor-top-column elementor-element elementor-element-4a31ab6\" data-id=\"4a31ab6\" data-element_type=\"column\" data-e-type=\"column\">\n\t\t\t<div class=\"elementor-widget-wrap elementor-element-populated\">\n\t\t\t\t\t\t<div class=\"elementor-element elementor-element-2879cfe elementor-widget__width-auto elementor-widget elementor-widget-heading\" data-id=\"2879cfe\" data-element_type=\"widget\" data-e-type=\"widget\" data-widget_type=\"heading.default\">\n\t\t\t\t<div class=\"elementor-widget-container\">\n\t\t\t\t\t<h1 class=\"elementor-heading-title elementor-size-default\">Conditions g\u00e9n\u00e9rales<\/h1>\t\t\t\t<\/div>\n\t\t\t\t<\/div>\n\t\t\t\t\t<\/div>\n\t\t<\/div>\n\t\t\t\t\t<\/div>\n\t\t<\/section>\n\t\t\t\t<section class=\"elementor-section elementor-top-section elementor-element elementor-element-cbbaf59 elementor-section-stretched elementor-section-boxed elementor-section-height-default elementor-section-height-default\" data-id=\"cbbaf59\" data-element_type=\"section\" data-e-type=\"section\" data-settings=\"{&quot;stretch_section&quot;:&quot;section-stretched&quot;,&quot;background_background&quot;:&quot;classic&quot;}\">\n\t\t\t\t\t\t<div class=\"elementor-container elementor-column-gap-default\">\n\t\t\t\t\t<div class=\"elementor-column elementor-col-100 elementor-top-column elementor-element elementor-element-5ca1acc\" data-id=\"5ca1acc\" data-element_type=\"column\" data-e-type=\"column\">\n\t\t\t<div class=\"elementor-widget-wrap elementor-element-populated\">\n\t\t\t\t\t\t<div class=\"elementor-element elementor-element-bb410bd elementor-widget elementor-widget-text-editor\" data-id=\"bb410bd\" data-element_type=\"widget\" data-e-type=\"widget\" data-widget_type=\"text-editor.default\">\n\t\t\t\t<div class=\"elementor-widget-container\">\n\t\t\t\t\t\t\t\t\t<h3 class=\"highlight\">R\u00e9servations:<\/h3>\n<p>Chaque r\u00e9servation doit \u00eatre garantie par une empreinte de carte bancaire. La validit\u00e9 de votre carte de cr\u00e9dit sera v\u00e9rifi\u00e9e par nos soins, et toute carte invalide entrainera l\u2019annulation de votre r\u00e9servation. Nous nous r\u00e9servons le droit d\u2019effectuer une pr\u00e9-autorisation avant la date d\u2019arriv\u00e9e.<\/p>\n<h3 class=\"highlight\">Annulation et modification:<\/h3>\n<p>Jusqu\u2019\u00e0 7 jours avant l\u2019arriv\u00e9e pr\u00e9vue: pas de frais d\u2019annulation.<br>A moins de 7 jours: 100% de la premi\u00e8re nuit\u00e9e.<br>Avec l&rsquo;assurance annulation vous pouvez annuler gratuitement jusqu&rsquo;au jour de votre arriv\u00e9e (seuls les frais d&rsquo;assurance seront pr\u00e9lev\u00e9s).<\/p>\n<h3 class=\"highlight\">Arriv\u00e9e:<\/h3>\n<p>Vous pouvez prendre possession de votre chambre \u00e0 partir de 15h00. Pour une arriv\u00e9e tardive (apr\u00e8s 20h), il est imp\u00e9ratif que vous preniez contact aupr\u00e8s de l\u2019h\u00f4tel afin que nous<br>vous communiquions le code d\u2019acc\u00e8s.<\/p>\n<h3 class=\"highlight\">D\u00e9part:<\/h3>\n<p>Il vous faudra lib\u00e9rer la chambre au plus tard \u00e0 11 heures le jour du d\u00e9part.<\/p>\n<h3 class=\"highlight\">Petit D\u00e9jeuner:<\/h3>\n<p>Le tarif du petit d\u00e9jeuner est de 13,5 \u20ac pour les plus de 12 ans, 9 \u20ac pour les enfants de 6 \u00e0 11 ans inclus, et offert pour les plus jeunes.<\/p>\n<h3 class=\"highlight\">Taxe de s\u00e9jour:<\/h3>\n<p>Le montant de la taxe de s\u00e9jour est de 2,30 \u20ac par jour et par personne de plus de 18 ans.<\/p>\n<h3 class=\"highlight\">Parking \/ Local:<\/h3>\n<p>Un parking est disponible gratuitement (sans r\u00e9servation pr\u00e9alable) ainsi qu\u2019un garage \u00e0 v\u00e9lo, et un gardiennage pour les skis vous attend au magasin INTERSPORT attenant \u00e0 l\u2019h\u00f4tel.<\/p>\n<h3 class=\"highlight\">Internet:<\/h3>\n<p>Une connexion Wi-Fi est disponible gratuitement.<\/p>\n<h3 class=\"highlight\">Lit b\u00e9b\u00e9 (-2 ans):<\/h3>\n<p>Les lits b\u00e9b\u00e9 sont uniquement disponibles sur demande et selon disponibilit\u00e9.<\/p>\n<h3 class=\"highlight\">Animaux:<\/h3>\n<p>Ils sont accept\u00e9s avec un suppl\u00e9ment de 5 \u20ac par jour. Ils ne doivent pas rester seuls dans la chambre et en aucun cas perturber la tranquillit\u00e9 des autres clients.<\/p>\t\t\t\t\t\t\t\t<\/div>\n\t\t\t\t<\/div>\n\t\t\t\t\t<\/div>\n\t\t<\/div>\n\t\t\t\t\t<\/div>\n\t\t<\/section>\n\t\t\t\t<\/div>","protected":false},"excerpt":{"rendered":"<p>Conditions g\u00e9n\u00e9rales R\u00e9servations: Chaque r\u00e9servation doit \u00eatre garantie par une empreinte de carte bancaire. La validit\u00e9 de votre carte de cr\u00e9dit sera v\u00e9rifi\u00e9e par nos soins, et toute carte invalide entrainera l\u2019annulation de votre r\u00e9servation. Nous nous r\u00e9servons le droit d\u2019effectuer une pr\u00e9-autorisation avant la date d\u2019arriv\u00e9e. Annulation et modification: Jusqu\u2019\u00e0 7 jours avant l\u2019arriv\u00e9e &#8230; <a title=\"Condiciones Generales\" class=\"read-more\" href=\"https:\/\/hotelnestedejade.com\/es\/conditions-generales\/\" aria-label=\"Leer m\u00e1s sobre Conditions G\u00e9n\u00e9rales\">Leer m\u00e1s<\/a><\/p>","protected":false},"author":1,"featured_media":0,"parent":0,"menu_order":0,"comment_status":"closed","ping_status":"closed","template":"elementor_header_footer","meta":{"_glsr_average":0,"_glsr_ranking":0,"_glsr_reviews":0,"footnotes":""},"class_list":["post-2433","page","type-page","status-publish"],"yoast_head":"<!-- This site is optimized with the Yoast SEO plugin v27.2 - https:\/\/yoast.com\/product\/yoast-seo-wordpress\/ -->\n<title>Conditions G\u00e9n\u00e9rales - H\u00f4tel Neste de Jade, Saint-Lary Soulan, Hautes-Pyr\u00e9n\u00e9es<\/title>\n<meta name=\"robots\" content=\"index, follow, max-snippet:-1, max-image-preview:large, max-video-preview:-1\" \/>\n<link rel=\"canonical\" href=\"https:\/\/hotelnestedejade.com\/es\/conditions-generales\/\" \/>\n<meta property=\"og:locale\" content=\"es_ES\" \/>\n<meta property=\"og:type\" content=\"article\" \/>\n<meta property=\"og:title\" content=\"Conditions G\u00e9n\u00e9rales - H\u00f4tel Neste de Jade, Saint-Lary Soulan, Hautes-Pyr\u00e9n\u00e9es\" \/>\n<meta property=\"og:description\" content=\"Conditions g\u00e9n\u00e9rales R\u00e9servations: Chaque r\u00e9servation doit \u00eatre garantie par une empreinte de carte bancaire. La validit\u00e9 de votre carte de cr\u00e9dit sera v\u00e9rifi\u00e9e par nos soins, et toute carte invalide entrainera l\u2019annulation de votre r\u00e9servation. Nous nous r\u00e9servons le droit d\u2019effectuer une pr\u00e9-autorisation avant la date d\u2019arriv\u00e9e. Annulation et modification: Jusqu\u2019\u00e0 7 jours avant l\u2019arriv\u00e9e ... Leer m\u00e1s\" \/>\n<meta property=\"og:url\" content=\"https:\/\/hotelnestedejade.com\/es\/conditions-generales\/\" \/>\n<meta property=\"og:site_name\" content=\"H\u00f4tel Neste de Jade, Saint-Lary Soulan, Hautes-Pyr\u00e9n\u00e9es\" \/>\n<meta property=\"article:modified_time\" content=\"2025-09-03T22:06:05+00:00\" \/>\n<meta name=\"twitter:card\" content=\"summary_large_image\" \/>\n<meta name=\"twitter:label1\" content=\"Tiempo de lectura\" \/>\n\t<meta name=\"twitter:data1\" content=\"2 minutos\" \/>\n<script type=\"application\/ld+json\" class=\"yoast-schema-graph\">{\"@context\":\"https:\/\/schema.org\",\"@graph\":[{\"@type\":\"WebPage\",\"@id\":\"https:\/\/hotelnestedejade.com\/conditions-generales\/\",\"url\":\"https:\/\/hotelnestedejade.com\/conditions-generales\/\",\"name\":\"Conditions G\u00e9n\u00e9rales - H\u00f4tel Neste de Jade, Saint-Lary Soulan, Hautes-Pyr\u00e9n\u00e9es\",\"isPartOf\":{\"@id\":\"https:\/\/hotelnestedejade.com\/#website\"},\"datePublished\":\"2021-09-30T14:07:40+00:00\",\"dateModified\":\"2025-09-03T22:06:05+00:00\",\"breadcrumb\":{\"@id\":\"https:\/\/hotelnestedejade.com\/conditions-generales\/#breadcrumb\"},\"inLanguage\":\"es\",\"potentialAction\":[{\"@type\":\"ReadAction\",\"target\":[\"https:\/\/hotelnestedejade.com\/conditions-generales\/\"]}]},{\"@type\":\"BreadcrumbList\",\"@id\":\"https:\/\/hotelnestedejade.com\/conditions-generales\/#breadcrumb\",\"itemListElement\":[{\"@type\":\"ListItem\",\"position\":1,\"name\":\"Accueil\",\"item\":\"https:\/\/hotelnestedejade.com\/\"},{\"@type\":\"ListItem\",\"position\":2,\"name\":\"Conditions G\u00e9n\u00e9rales\"}]},{\"@type\":\"WebSite\",\"@id\":\"https:\/\/hotelnestedejade.com\/#website\",\"url\":\"https:\/\/hotelnestedejade.com\/\",\"name\":\"H\u00f4tel Neste de Jade, Saint-Lary Soulan, Hautes-Pyr\u00e9n\u00e9es\",\"description\":\"H\u00f4tel \u00e0 Saint Lary Soulan, Hautes-Pyr\u00e9n\u00e9es 65\",\"publisher\":{\"@id\":\"https:\/\/hotelnestedejade.com\/#organization\"},\"potentialAction\":[{\"@type\":\"SearchAction\",\"target\":{\"@type\":\"EntryPoint\",\"urlTemplate\":\"https:\/\/hotelnestedejade.com\/?s={search_term_string}\"},\"query-input\":{\"@type\":\"PropertyValueSpecification\",\"valueRequired\":true,\"valueName\":\"search_term_string\"}}],\"inLanguage\":\"es\"},{\"@type\":\"Organization\",\"@id\":\"https:\/\/hotelnestedejade.com\/#organization\",\"name\":\"H\u00f4tel Neste de Jade\",\"url\":\"https:\/\/hotelnestedejade.com\/\",\"logo\":{\"@type\":\"ImageObject\",\"inLanguage\":\"es\",\"@id\":\"https:\/\/hotelnestedejade.com\/#\/schema\/logo\/image\/\",\"url\":\"https:\/\/hotelnestedejade.com\/wp-content\/uploads\/2020\/03\/logo-1.png\",\"contentUrl\":\"https:\/\/hotelnestedejade.com\/wp-content\/uploads\/2020\/03\/logo-1.png\",\"width\":504,\"height\":179,\"caption\":\"H\u00f4tel Neste de Jade\"},\"image\":{\"@id\":\"https:\/\/hotelnestedejade.com\/#\/schema\/logo\/image\/\"}}]}<\/script>\n<!-- \/ Yoast SEO plugin. -->","yoast_head_json":{"title":"Conditions G\u00e9n\u00e9rales - H\u00f4tel Neste de Jade, Saint-Lary Soulan, Hautes-Pyr\u00e9n\u00e9es","robots":{"index":"index","follow":"follow","max-snippet":"max-snippet:-1","max-image-preview":"max-image-preview:large","max-video-preview":"max-video-preview:-1"},"canonical":"https:\/\/hotelnestedejade.com\/es\/conditions-generales\/","og_locale":"es_ES","og_type":"article","og_title":"Conditions G\u00e9n\u00e9rales - H\u00f4tel Neste de Jade, Saint-Lary Soulan, Hautes-Pyr\u00e9n\u00e9es","og_description":"Conditions g\u00e9n\u00e9rales R\u00e9servations: Chaque r\u00e9servation doit \u00eatre garantie par une empreinte de carte bancaire. La validit\u00e9 de votre carte de cr\u00e9dit sera v\u00e9rifi\u00e9e par nos soins, et toute carte invalide entrainera l\u2019annulation de votre r\u00e9servation. Nous nous r\u00e9servons le droit d\u2019effectuer une pr\u00e9-autorisation avant la date d\u2019arriv\u00e9e. Annulation et modification: Jusqu\u2019\u00e0 7 jours avant l\u2019arriv\u00e9e ... Leer m\u00e1s","og_url":"https:\/\/hotelnestedejade.com\/es\/conditions-generales\/","og_site_name":"H\u00f4tel Neste de Jade, Saint-Lary Soulan, Hautes-Pyr\u00e9n\u00e9es","article_modified_time":"2025-09-03T22:06:05+00:00","twitter_card":"summary_large_image","twitter_misc":{"Tiempo de lectura":"2 minutos"},"schema":{"@context":"https:\/\/schema.org","@graph":[{"@type":"WebPage","@id":"https:\/\/hotelnestedejade.com\/conditions-generales\/","url":"https:\/\/hotelnestedejade.com\/conditions-generales\/","name":"Conditions G\u00e9n\u00e9rales - H\u00f4tel Neste de Jade, Saint-Lary Soulan, Hautes-Pyr\u00e9n\u00e9es","isPartOf":{"@id":"https:\/\/hotelnestedejade.com\/#website"},"datePublished":"2021-09-30T14:07:40+00:00","dateModified":"2025-09-03T22:06:05+00:00","breadcrumb":{"@id":"https:\/\/hotelnestedejade.com\/conditions-generales\/#breadcrumb"},"inLanguage":"es","potentialAction":[{"@type":"ReadAction","target":["https:\/\/hotelnestedejade.com\/conditions-generales\/"]}]},{"@type":"BreadcrumbList","@id":"https:\/\/hotelnestedejade.com\/conditions-generales\/#breadcrumb","itemListElement":[{"@type":"ListItem","position":1,"name":"Accueil","item":"https:\/\/hotelnestedejade.com\/"},{"@type":"ListItem","position":2,"name":"Conditions G\u00e9n\u00e9rales"}]},{"@type":"WebSite","@id":"https:\/\/hotelnestedejade.com\/#website","url":"https:\/\/hotelnestedejade.com\/","name":"Hotel Neste de Jade, Saint-Lary Soulan, Hautes-Pyr\u00e9n\u00e9es","description":"H\u00f4tel \u00e0 Saint Lary Soulan, Hautes-Pyr\u00e9n\u00e9es 65","publisher":{"@id":"https:\/\/hotelnestedejade.com\/#organization"},"potentialAction":[{"@type":"SearchAction","target":{"@type":"EntryPoint","urlTemplate":"https:\/\/hotelnestedejade.com\/?s={search_term_string}"},"query-input":{"@type":"PropertyValueSpecification","valueRequired":true,"valueName":"search_term_string"}}],"inLanguage":"es"},{"@type":"Organization","@id":"https:\/\/hotelnestedejade.com\/#organization","name":"H\u00f4tel Neste de Jade","url":"https:\/\/hotelnestedejade.com\/","logo":{"@type":"ImageObject","inLanguage":"es","@id":"https:\/\/hotelnestedejade.com\/#\/schema\/logo\/image\/","url":"https:\/\/hotelnestedejade.com\/wp-content\/uploads\/2020\/03\/logo-1.png","contentUrl":"https:\/\/hotelnestedejade.com\/wp-content\/uploads\/2020\/03\/logo-1.png","width":504,"height":179,"caption":"H\u00f4tel Neste de Jade"},"image":{"@id":"https:\/\/hotelnestedejade.com\/#\/schema\/logo\/image\/"}}]}},"_links":{"self":[{"href":"https:\/\/hotelnestedejade.com\/es\/wp-json\/wp\/v2\/pages\/2433","targetHints":{"allow":["GET"]}}],"collection":[{"href":"https:\/\/hotelnestedejade.com\/es\/wp-json\/wp\/v2\/pages"}],"about":[{"href":"https:\/\/hotelnestedejade.com\/es\/wp-json\/wp\/v2\/types\/page"}],"author":[{"embeddable":true,"href":"https:\/\/hotelnestedejade.com\/es\/wp-json\/wp\/v2\/users\/1"}],"replies":[{"embeddable":true,"href":"https:\/\/hotelnestedejade.com\/es\/wp-json\/wp\/v2\/comments?post=2433"}],"version-history":[{"count":22,"href":"https:\/\/hotelnestedejade.com\/es\/wp-json\/wp\/v2\/pages\/2433\/revisions"}],"predecessor-version":[{"id":3173,"href":"https:\/\/hotelnestedejade.com\/es\/wp-json\/wp\/v2\/pages\/2433\/revisions\/3173"}],"wp:attachment":[{"href":"https:\/\/hotelnestedejade.com\/es\/wp-json\/wp\/v2\/media?parent=2433"}],"curies":[{"name":"wp","href":"https:\/\/api.w.org\/{rel}","templated":true}]}}