{"id":2064,"date":"2020-05-12T11:04:59","date_gmt":"2020-05-12T09:04:59","guid":{"rendered":"https:\/\/hotelnestedejade.com\/404-2\/"},"modified":"2020-05-12T11:13:01","modified_gmt":"2020-05-12T09:13:01","slug":"404-page-not-found","status":"publish","type":"page","link":"https:\/\/hotelnestedejade.com\/es\/404-page-not-found\/","title":{"rendered":"404"},"content":{"rendered":"<div data-elementor-type=\"wp-page\" data-elementor-id=\"2064\" class=\"elementor elementor-2064\" data-elementor-post-type=\"page\">\n\t\t\t\t\t\t<section class=\"elementor-section elementor-top-section elementor-element elementor-element-65c69d7 elementor-section-boxed elementor-section-height-default elementor-section-height-default\" data-id=\"65c69d7\" data-element_type=\"section\" data-e-type=\"section\">\n\t\t\t\t\t\t<div class=\"elementor-container elementor-column-gap-default\">\n\t\t\t\t\t<div class=\"elementor-column elementor-col-100 elementor-top-column elementor-element elementor-element-20b57a1\" data-id=\"20b57a1\" data-element_type=\"column\" data-e-type=\"column\">\n\t\t\t<div class=\"elementor-widget-wrap elementor-element-populated\">\n\t\t\t\t\t\t<div class=\"elementor-element elementor-element-ff17610 elementor-widget elementor-widget-heading\" data-id=\"ff17610\" data-element_type=\"widget\" data-e-type=\"widget\" data-widget_type=\"heading.default\">\n\t\t\t\t<div class=\"elementor-widget-container\">\n\t\t\t\t\t<h2 class=\"elementor-heading-title elementor-size-default\">Page not found<\/h2>\t\t\t\t<\/div>\n\t\t\t\t<\/div>\n\t\t\t\t<div class=\"elementor-element elementor-element-d857cde elementor-widget elementor-widget-text-editor\" data-id=\"d857cde\" data-element_type=\"widget\" data-e-type=\"widget\" data-widget_type=\"text-editor.default\">\n\t\t\t\t<div class=\"elementor-widget-container\">\n\t\t\t\t\t\t\t\t\t<pre id=\"tw-target-text\" class=\"tw-data-text tw-text-large tw-ta\" dir=\"ltr\" data-placeholder=\"Traduction\"><span lang=\"en\">The content you are looking for is not available<\/span><\/pre>\n\t\t\t\t\t\t\t\t<\/div>\n\t\t\t\t<\/div>\n\t\t\t\t<div class=\"elementor-element elementor-element-55850f8 elementor-align-center elementor-widget elementor-widget-button\" data-id=\"55850f8\" data-element_type=\"widget\" data-e-type=\"widget\" data-widget_type=\"button.default\">\n\t\t\t\t<div class=\"elementor-widget-container\">\n\t\t\t\t\t\t\t\t\t<div class=\"elementor-button-wrapper\">\n\t\t\t\t\t<a class=\"elementor-button elementor-button-link elementor-size-sm\" href=\"https:\/\/hotelnestedejade.com\/en\/\">\n\t\t\t\t\t\t<span class=\"elementor-button-content-wrapper\">\n\t\t\t\t\t\t\t\t\t<span class=\"elementor-button-text\">Back to home page<\/span>\n\t\t\t\t\t<\/span>\n\t\t\t\t\t<\/a>\n\t\t\t\t<\/div>\n\t\t\t\t\t\t\t\t<\/div>\n\t\t\t\t<\/div>\n\t\t\t\t\t<\/div>\n\t\t<\/div>\n\t\t\t\t\t<\/div>\n\t\t<\/section>\n\t\t\t\t<\/div>","protected":false},"excerpt":{"rendered":"<p>Page not found The content you are looking for is not available Back to home page<\/p>","protected":false},"author":1,"featured_media":0,"parent":0,"menu_order":0,"comment_status":"closed","ping_status":"closed","template":"elementor_header_footer","meta":{"_glsr_average":0,"_glsr_ranking":0,"_glsr_reviews":0,"footnotes":""},"class_list":["post-2064","page","type-page","status-publish"],"yoast_head":"<!-- This site is optimized with the Yoast SEO plugin v27.2 - https:\/\/yoast.com\/product\/yoast-seo-wordpress\/ -->\n<title>404 - H\u00f4tel Neste de Jade, Saint-Lary Soulan, Hautes-Pyr\u00e9n\u00e9es<\/title>\n<meta name=\"robots\" content=\"index, follow, max-snippet:-1, max-image-preview:large, max-video-preview:-1\" \/>\n<link rel=\"canonical\" href=\"https:\/\/hotelnestedejade.com\/es\/404-page-not-found\/\" \/>\n<meta property=\"og:locale\" content=\"es_ES\" \/>\n<meta property=\"og:type\" content=\"article\" \/>\n<meta property=\"og:title\" content=\"404 - H\u00f4tel Neste de Jade, Saint-Lary Soulan, Hautes-Pyr\u00e9n\u00e9es\" \/>\n<meta property=\"og:description\" content=\"Page not found The content you are looking for is not available Back to home page\" \/>\n<meta property=\"og:url\" content=\"https:\/\/hotelnestedejade.com\/es\/404-page-not-found\/\" \/>\n<meta property=\"og:site_name\" content=\"H\u00f4tel Neste de Jade, Saint-Lary Soulan, Hautes-Pyr\u00e9n\u00e9es\" \/>\n<meta property=\"article:modified_time\" content=\"2020-05-12T09:13:01+00:00\" \/>\n<meta name=\"twitter:card\" content=\"summary_large_image\" \/>\n<script type=\"application\/ld+json\" class=\"yoast-schema-graph\">{\"@context\":\"https:\/\/schema.org\",\"@graph\":[{\"@type\":\"WebPage\",\"@id\":\"https:\/\/hotelnestedejade.com\/en\/404-page-not-found\/\",\"url\":\"https:\/\/hotelnestedejade.com\/en\/404-page-not-found\/\",\"name\":\"404 - H\u00f4tel Neste de Jade, Saint-Lary Soulan, Hautes-Pyr\u00e9n\u00e9es\",\"isPartOf\":{\"@id\":\"https:\/\/hotelnestedejade.com\/#website\"},\"datePublished\":\"2020-05-12T09:04:59+00:00\",\"dateModified\":\"2020-05-12T09:13:01+00:00\",\"breadcrumb\":{\"@id\":\"https:\/\/hotelnestedejade.com\/en\/404-page-not-found\/#breadcrumb\"},\"inLanguage\":\"es\",\"potentialAction\":[{\"@type\":\"ReadAction\",\"target\":[\"https:\/\/hotelnestedejade.com\/en\/404-page-not-found\/\"]}]},{\"@type\":\"BreadcrumbList\",\"@id\":\"https:\/\/hotelnestedejade.com\/en\/404-page-not-found\/#breadcrumb\",\"itemListElement\":[{\"@type\":\"ListItem\",\"position\":1,\"name\":\"Accueil\",\"item\":\"https:\/\/hotelnestedejade.com\/\"},{\"@type\":\"ListItem\",\"position\":2,\"name\":\"404\"}]},{\"@type\":\"WebSite\",\"@id\":\"https:\/\/hotelnestedejade.com\/#website\",\"url\":\"https:\/\/hotelnestedejade.com\/\",\"name\":\"H\u00f4tel Neste de Jade, Saint-Lary Soulan, Hautes-Pyr\u00e9n\u00e9es\",\"description\":\"H\u00f4tel \u00e0 Saint Lary Soulan, Hautes-Pyr\u00e9n\u00e9es 65\",\"publisher\":{\"@id\":\"https:\/\/hotelnestedejade.com\/#organization\"},\"potentialAction\":[{\"@type\":\"SearchAction\",\"target\":{\"@type\":\"EntryPoint\",\"urlTemplate\":\"https:\/\/hotelnestedejade.com\/?s={search_term_string}\"},\"query-input\":{\"@type\":\"PropertyValueSpecification\",\"valueRequired\":true,\"valueName\":\"search_term_string\"}}],\"inLanguage\":\"es\"},{\"@type\":\"Organization\",\"@id\":\"https:\/\/hotelnestedejade.com\/#organization\",\"name\":\"H\u00f4tel Neste de Jade\",\"url\":\"https:\/\/hotelnestedejade.com\/\",\"logo\":{\"@type\":\"ImageObject\",\"inLanguage\":\"es\",\"@id\":\"https:\/\/hotelnestedejade.com\/#\/schema\/logo\/image\/\",\"url\":\"https:\/\/hotelnestedejade.com\/wp-content\/uploads\/2020\/03\/logo-1.png\",\"contentUrl\":\"https:\/\/hotelnestedejade.com\/wp-content\/uploads\/2020\/03\/logo-1.png\",\"width\":504,\"height\":179,\"caption\":\"H\u00f4tel Neste de Jade\"},\"image\":{\"@id\":\"https:\/\/hotelnestedejade.com\/#\/schema\/logo\/image\/\"}}]}<\/script>\n<!-- \/ Yoast SEO plugin. -->","yoast_head_json":{"title":"404 - H\u00f4tel Neste de Jade, Saint-Lary Soulan, Hautes-Pyr\u00e9n\u00e9es","robots":{"index":"index","follow":"follow","max-snippet":"max-snippet:-1","max-image-preview":"max-image-preview:large","max-video-preview":"max-video-preview:-1"},"canonical":"https:\/\/hotelnestedejade.com\/es\/404-page-not-found\/","og_locale":"es_ES","og_type":"article","og_title":"404 - H\u00f4tel Neste de Jade, Saint-Lary Soulan, Hautes-Pyr\u00e9n\u00e9es","og_description":"Page not found The content you are looking for is not available Back to home page","og_url":"https:\/\/hotelnestedejade.com\/es\/404-page-not-found\/","og_site_name":"H\u00f4tel Neste de Jade, Saint-Lary Soulan, Hautes-Pyr\u00e9n\u00e9es","article_modified_time":"2020-05-12T09:13:01+00:00","twitter_card":"summary_large_image","schema":{"@context":"https:\/\/schema.org","@graph":[{"@type":"WebPage","@id":"https:\/\/hotelnestedejade.com\/en\/404-page-not-found\/","url":"https:\/\/hotelnestedejade.com\/en\/404-page-not-found\/","name":"404 - H\u00f4tel Neste de Jade, Saint-Lary Soulan, Hautes-Pyr\u00e9n\u00e9es","isPartOf":{"@id":"https:\/\/hotelnestedejade.com\/#website"},"datePublished":"2020-05-12T09:04:59+00:00","dateModified":"2020-05-12T09:13:01+00:00","breadcrumb":{"@id":"https:\/\/hotelnestedejade.com\/en\/404-page-not-found\/#breadcrumb"},"inLanguage":"es","potentialAction":[{"@type":"ReadAction","target":["https:\/\/hotelnestedejade.com\/en\/404-page-not-found\/"]}]},{"@type":"BreadcrumbList","@id":"https:\/\/hotelnestedejade.com\/en\/404-page-not-found\/#breadcrumb","itemListElement":[{"@type":"ListItem","position":1,"name":"Accueil","item":"https:\/\/hotelnestedejade.com\/"},{"@type":"ListItem","position":2,"name":"404"}]},{"@type":"WebSite","@id":"https:\/\/hotelnestedejade.com\/#website","url":"https:\/\/hotelnestedejade.com\/","name":"Hotel Neste de Jade, Saint-Lary Soulan, Hautes-Pyr\u00e9n\u00e9es","description":"H\u00f4tel \u00e0 Saint Lary Soulan, Hautes-Pyr\u00e9n\u00e9es 65","publisher":{"@id":"https:\/\/hotelnestedejade.com\/#organization"},"potentialAction":[{"@type":"SearchAction","target":{"@type":"EntryPoint","urlTemplate":"https:\/\/hotelnestedejade.com\/?s={search_term_string}"},"query-input":{"@type":"PropertyValueSpecification","valueRequired":true,"valueName":"search_term_string"}}],"inLanguage":"es"},{"@type":"Organization","@id":"https:\/\/hotelnestedejade.com\/#organization","name":"H\u00f4tel Neste de Jade","url":"https:\/\/hotelnestedejade.com\/","logo":{"@type":"ImageObject","inLanguage":"es","@id":"https:\/\/hotelnestedejade.com\/#\/schema\/logo\/image\/","url":"https:\/\/hotelnestedejade.com\/wp-content\/uploads\/2020\/03\/logo-1.png","contentUrl":"https:\/\/hotelnestedejade.com\/wp-content\/uploads\/2020\/03\/logo-1.png","width":504,"height":179,"caption":"H\u00f4tel Neste de Jade"},"image":{"@id":"https:\/\/hotelnestedejade.com\/#\/schema\/logo\/image\/"}}]}},"_links":{"self":[{"href":"https:\/\/hotelnestedejade.com\/es\/wp-json\/wp\/v2\/pages\/2064","targetHints":{"allow":["GET"]}}],"collection":[{"href":"https:\/\/hotelnestedejade.com\/es\/wp-json\/wp\/v2\/pages"}],"about":[{"href":"https:\/\/hotelnestedejade.com\/es\/wp-json\/wp\/v2\/types\/page"}],"author":[{"embeddable":true,"href":"https:\/\/hotelnestedejade.com\/es\/wp-json\/wp\/v2\/users\/1"}],"replies":[{"embeddable":true,"href":"https:\/\/hotelnestedejade.com\/es\/wp-json\/wp\/v2\/comments?post=2064"}],"version-history":[{"count":2,"href":"https:\/\/hotelnestedejade.com\/es\/wp-json\/wp\/v2\/pages\/2064\/revisions"}],"predecessor-version":[{"id":2070,"href":"https:\/\/hotelnestedejade.com\/es\/wp-json\/wp\/v2\/pages\/2064\/revisions\/2070"}],"wp:attachment":[{"href":"https:\/\/hotelnestedejade.com\/es\/wp-json\/wp\/v2\/media?parent=2064"}],"curies":[{"name":"wp","href":"https:\/\/api.w.org\/{rel}","templated":true}]}}