{"id":333,"date":"2020-02-21T17:34:56","date_gmt":"2020-02-21T16:34:56","guid":{"rendered":"http:\/\/hotelnestedejade.com\/site2020\/?page_id=333"},"modified":"2022-01-08T18:16:14","modified_gmt":"2022-01-08T17:16:14","slug":"wellness","status":"publish","type":"page","link":"https:\/\/hotelnestedejade.com\/en\/bien-etre\/","title":{"rendered":"Wellness"},"content":{"rendered":"<div data-elementor-type=\"wp-page\" data-elementor-id=\"333\" class=\"elementor elementor-333\" data-elementor-post-type=\"page\">\n\t\t\t\t\t\t<section class=\"elementor-section elementor-top-section elementor-element elementor-element-12668104 elementor-section-stretched elementor-section-full_width elementor-section-height-min-height elementor-section-height-default elementor-section-items-middle\" data-id=\"12668104\" data-element_type=\"section\" data-e-type=\"section\" data-settings=\"{&quot;stretch_section&quot;:&quot;section-stretched&quot;,&quot;background_background&quot;:&quot;classic&quot;}\">\n\t\t\t\t\t\t\t<div class=\"elementor-background-overlay\"><\/div>\n\t\t\t\t\t\t\t<div class=\"elementor-container elementor-column-gap-default\">\n\t\t\t\t\t<div class=\"elementor-column elementor-col-100 elementor-top-column elementor-element elementor-element-677cf935\" data-id=\"677cf935\" data-element_type=\"column\" data-e-type=\"column\">\n\t\t\t<div class=\"elementor-widget-wrap elementor-element-populated\">\n\t\t\t\t\t\t<div class=\"elementor-element elementor-element-f6fa8f7 elementor-widget elementor-widget-heading\" data-id=\"f6fa8f7\" data-element_type=\"widget\" data-e-type=\"widget\" data-widget_type=\"heading.default\">\n\t\t\t\t<div class=\"elementor-widget-container\">\n\t\t\t\t\t<h3 class=\"elementor-heading-title elementor-size-default\">MADE TO MEASURE MASSAGES AND EMOTIONAL RELAXATION<\/h3>\t\t\t\t<\/div>\n\t\t\t\t<\/div>\n\t\t\t\t<div class=\"elementor-element elementor-element-62db66b1 elementor-widget__width-auto elementor-widget elementor-widget-heading\" data-id=\"62db66b1\" data-element_type=\"widget\" data-e-type=\"widget\" data-widget_type=\"heading.default\">\n\t\t\t\t<div class=\"elementor-widget-container\">\n\t\t\t\t\t<h1 class=\"elementor-heading-title elementor-size-default\">Wellness<\/h1>\t\t\t\t<\/div>\n\t\t\t\t<\/div>\n\t\t\t\t\t<\/div>\n\t\t<\/div>\n\t\t\t\t\t<\/div>\n\t\t<\/section>\n\t\t\t\t<section class=\"elementor-section elementor-top-section elementor-element elementor-element-74cf42b elementor-section-stretched elementor-section-full_width elementor-section-height-default elementor-section-height-default\" data-id=\"74cf42b\" data-element_type=\"section\" data-e-type=\"section\" data-settings=\"{&quot;stretch_section&quot;:&quot;section-stretched&quot;}\">\n\t\t\t\t\t\t<div class=\"elementor-container elementor-column-gap-default\">\n\t\t\t\t\t<div class=\"elementor-column elementor-col-100 elementor-top-column elementor-element elementor-element-90d92ee\" data-id=\"90d92ee\" data-element_type=\"column\" data-e-type=\"column\">\n\t\t\t<div class=\"elementor-widget-wrap elementor-element-populated\">\n\t\t\t\t\t\t<div class=\"elementor-element elementor-element-83685ba elementor-widget elementor-widget-text-editor\" data-id=\"83685ba\" data-element_type=\"widget\" data-e-type=\"widget\" data-widget_type=\"text-editor.default\">\n\t\t\t\t<div class=\"elementor-widget-container\">\n\t\t\t\t\t\t\t\t\t<p>\u00ab Do good to your body so that your soul may want to stay there. \u00bb<\/p>\t\t\t\t\t\t\t\t<\/div>\n\t\t\t\t<\/div>\n\t\t\t\t\t<\/div>\n\t\t<\/div>\n\t\t\t\t\t<\/div>\n\t\t<\/section>\n\t\t\t\t<section class=\"elementor-section elementor-top-section elementor-element elementor-element-87a3031 elementor-section-stretched elementor-section-boxed elementor-section-height-default elementor-section-height-default\" data-id=\"87a3031\" data-element_type=\"section\" data-e-type=\"section\" data-settings=\"{&quot;stretch_section&quot;:&quot;section-stretched&quot;,&quot;background_background&quot;:&quot;classic&quot;}\">\n\t\t\t\t\t\t<div class=\"elementor-container elementor-column-gap-wide\">\n\t\t\t\t\t<div class=\"elementor-column elementor-col-33 elementor-top-column elementor-element elementor-element-3203368\" data-id=\"3203368\" data-element_type=\"column\" data-e-type=\"column\">\n\t\t\t<div class=\"elementor-widget-wrap elementor-element-populated\">\n\t\t\t\t\t\t<div class=\"elementor-element elementor-element-50a3303 elementor-widget elementor-widget-image\" data-id=\"50a3303\" data-element_type=\"widget\" data-e-type=\"widget\" data-widget_type=\"image.default\">\n\t\t\t\t<div class=\"elementor-widget-container\">\n\t\t\t\t\t\t\t\t\t\t\t\t\t\t\t<img fetchpriority=\"high\" decoding=\"async\" width=\"695\" height=\"1024\" src=\"https:\/\/hotelnestedejade.com\/wp-content\/uploads\/2020\/02\/massage-bien-etre-by-lydia-695x1024.jpg\" class=\"attachment-large size-large wp-image-339\" alt=\"Lydia Massage\" srcset=\"https:\/\/hotelnestedejade.com\/wp-content\/uploads\/2020\/02\/massage-bien-etre-by-lydia-695x1024.jpg 695w, https:\/\/hotelnestedejade.com\/wp-content\/uploads\/2020\/02\/massage-bien-etre-by-lydia-204x300.jpg 204w, https:\/\/hotelnestedejade.com\/wp-content\/uploads\/2020\/02\/massage-bien-etre-by-lydia-768x1131.jpg 768w, https:\/\/hotelnestedejade.com\/wp-content\/uploads\/2020\/02\/massage-bien-etre-by-lydia.jpg 1021w\" sizes=\"(max-width: 695px) 100vw, 695px\" \/>\t\t\t\t\t\t\t\t\t\t\t\t\t\t\t<\/div>\n\t\t\t\t<\/div>\n\t\t\t\t\t<\/div>\n\t\t<\/div>\n\t\t\t\t<div class=\"elementor-column elementor-col-66 elementor-top-column elementor-element elementor-element-3881dda\" data-id=\"3881dda\" data-element_type=\"column\" data-e-type=\"column\">\n\t\t\t<div class=\"elementor-widget-wrap elementor-element-populated\">\n\t\t\t\t\t\t<div class=\"elementor-element elementor-element-5f35198 elementor-widget__width-auto elementor-widget elementor-widget-heading\" data-id=\"5f35198\" data-element_type=\"widget\" data-e-type=\"widget\" data-widget_type=\"heading.default\">\n\t\t\t\t<div class=\"elementor-widget-container\">\n\t\t\t\t\t<h2 class=\"elementor-heading-title elementor-size-default\">Massages with Lydia<\/h2>\t\t\t\t<\/div>\n\t\t\t\t<\/div>\n\t\t\t\t<div class=\"elementor-element elementor-element-6aea3b6 elementor-widget elementor-widget-text-editor\" data-id=\"6aea3b6\" data-element_type=\"widget\" data-e-type=\"widget\" data-widget_type=\"text-editor.default\">\n\t\t\t\t<div class=\"elementor-widget-container\">\n\t\t\t\t\t\t\t\t\t<p>Wellness is at La Neste de Jade! I propose you an offer of personalized care, in the comfort of your bedroom. Relax, Energetic, Sporty, Future Mom, Child, after ski or during the day, alone or with family, let yourself be tempted by a privileged moment!<\/p>\t\t\t\t\t\t\t\t<\/div>\n\t\t\t\t<\/div>\n\t\t\t\t<div class=\"elementor-element elementor-element-b126b6f elementor-widget elementor-widget-text-editor\" data-id=\"b126b6f\" data-element_type=\"widget\" data-e-type=\"widget\" data-widget_type=\"text-editor.default\">\n\t\t\t\t<div class=\"elementor-widget-container\">\n\t\t\t\t\t\t\t\t\t<strong>Book your wellness massage with your stay<\/strong>\n<div class=\"elementor-button-wrapper book-massage\" style=\"margin-top: 10px;\"><a class=\"elementor-button-link elementor-button elementor-size-sm\" role=\"button\" href=\"https:\/\/www.deux-mains-sur-terre.com\/\" target=\"_blank\" rel=\"noopener\"><span class=\"elementor-button-content-wrapper\"><span class=\"elementor-button-text\">Book now<\/span>\n<\/span><\/a><\/div>\t\t\t\t\t\t\t\t<\/div>\n\t\t\t\t<\/div>\n\t\t\t\t<div class=\"elementor-element elementor-element-91747b5 elementor-widget elementor-widget-text-editor\" data-id=\"91747b5\" data-element_type=\"widget\" data-e-type=\"widget\" data-widget_type=\"text-editor.default\">\n\t\t\t\t<div class=\"elementor-widget-container\">\n\t\t\t\t\t\t\t\t\t<p>More information on the website : <a href=\"https:\/\/www.deux-mains-sur-terre.com\/\" target=\"_blank\" rel=\"noopener\">www.deux-mains-sur-terre.com<\/a><\/p>\t\t\t\t\t\t\t\t<\/div>\n\t\t\t\t<\/div>\n\t\t\t\t\t<\/div>\n\t\t<\/div>\n\t\t\t\t\t<\/div>\n\t\t<\/section>\n\t\t\t\t<\/div>","protected":false},"excerpt":{"rendered":"<p>Massages sur mesure et relaxation \u00e9motionnelle Bien-\u00eatre \u00ab Fais du Bien \u00e0 ton Corps pour que ton \u00c2me ait envie d\u2019y rester. \u00bb Massages avec Lydia Le Bien-Etre s\u2019invite \u00e0 La Neste de Jade! Je vous propose une offre de soins personnalis\u00e9s, dans le confort de votre chambre. D\u00e9tente, \u00c9nerg\u00e9tique, Sportif, Future Maman, Enfant, en &#8230; <a title=\"Wellness\" class=\"read-more\" href=\"https:\/\/hotelnestedejade.com\/en\/bien-etre\/\" aria-label=\"Read more about Bien-\u00eatre\">Read more<\/a><\/p>","protected":false},"author":1,"featured_media":0,"parent":0,"menu_order":0,"comment_status":"closed","ping_status":"closed","template":"elementor_header_footer","meta":{"_glsr_average":0,"_glsr_ranking":0,"_glsr_reviews":0,"footnotes":""},"class_list":["post-333","page","type-page","status-publish"],"yoast_head":"<!-- This site is optimized with the Yoast SEO plugin v27.2 - https:\/\/yoast.com\/product\/yoast-seo-wordpress\/ -->\n<title>Bien-\u00eatre - H\u00f4tel Neste de Jade, Saint-Lary Soulan, Hautes-Pyr\u00e9n\u00e9es<\/title>\n<meta name=\"robots\" content=\"index, follow, max-snippet:-1, max-image-preview:large, max-video-preview:-1\" \/>\n<link rel=\"canonical\" href=\"https:\/\/hotelnestedejade.com\/en\/wellness\/\" \/>\n<meta property=\"og:locale\" content=\"en_GB\" \/>\n<meta property=\"og:type\" content=\"article\" \/>\n<meta property=\"og:title\" content=\"Bien-\u00eatre - H\u00f4tel Neste de Jade, Saint-Lary Soulan, Hautes-Pyr\u00e9n\u00e9es\" \/>\n<meta property=\"og:description\" content=\"Massages sur mesure et relaxation \u00e9motionnelle Bien-\u00eatre \u00ab Fais du Bien \u00e0 ton Corps pour que ton \u00c2me ait envie d\u2019y rester. \u00bb Massages avec Lydia Le Bien-Etre s\u2019invite \u00e0 La Neste de Jade! Je vous propose une offre de soins personnalis\u00e9s, dans le confort de votre chambre. D\u00e9tente, \u00c9nerg\u00e9tique, Sportif, Future Maman, Enfant, en ... Read more\" \/>\n<meta property=\"og:url\" content=\"https:\/\/hotelnestedejade.com\/en\/wellness\/\" \/>\n<meta property=\"og:site_name\" content=\"H\u00f4tel Neste de Jade, Saint-Lary Soulan, Hautes-Pyr\u00e9n\u00e9es\" \/>\n<meta property=\"article:modified_time\" content=\"2022-01-08T17:16:14+00:00\" \/>\n<meta property=\"og:image\" content=\"https:\/\/hotelnestedejade.com\/wp-content\/uploads\/2020\/02\/massage-bien-etre-by-lydia-695x1024.jpg\" \/>\n<meta name=\"twitter:card\" content=\"summary_large_image\" \/>\n<meta name=\"twitter:label1\" content=\"Estimated reading time\" \/>\n\t<meta name=\"twitter:data1\" content=\"1 minute\" \/>\n<script type=\"application\/ld+json\" class=\"yoast-schema-graph\">{\"@context\":\"https:\/\/schema.org\",\"@graph\":[{\"@type\":\"WebPage\",\"@id\":\"https:\/\/hotelnestedejade.com\/en\/wellness\/\",\"url\":\"https:\/\/hotelnestedejade.com\/en\/wellness\/\",\"name\":\"Bien-\u00eatre - H\u00f4tel Neste de Jade, Saint-Lary Soulan, Hautes-Pyr\u00e9n\u00e9es\",\"isPartOf\":{\"@id\":\"https:\/\/hotelnestedejade.com\/#website\"},\"primaryImageOfPage\":{\"@id\":\"https:\/\/hotelnestedejade.com\/en\/wellness\/#primaryimage\"},\"image\":{\"@id\":\"https:\/\/hotelnestedejade.com\/en\/wellness\/#primaryimage\"},\"thumbnailUrl\":\"https:\/\/hotelnestedejade.com\/wp-content\/uploads\/2020\/02\/massage-bien-etre-by-lydia-695x1024.jpg\",\"datePublished\":\"2020-02-21T16:34:56+00:00\",\"dateModified\":\"2022-01-08T17:16:14+00:00\",\"breadcrumb\":{\"@id\":\"https:\/\/hotelnestedejade.com\/en\/wellness\/#breadcrumb\"},\"inLanguage\":\"en-GB\",\"potentialAction\":[{\"@type\":\"ReadAction\",\"target\":[\"https:\/\/hotelnestedejade.com\/en\/wellness\/\"]}]},{\"@type\":\"ImageObject\",\"inLanguage\":\"en-GB\",\"@id\":\"https:\/\/hotelnestedejade.com\/en\/wellness\/#primaryimage\",\"url\":\"https:\/\/hotelnestedejade.com\/wp-content\/uploads\/2020\/02\/massage-bien-etre-by-lydia-695x1024.jpg\",\"contentUrl\":\"https:\/\/hotelnestedejade.com\/wp-content\/uploads\/2020\/02\/massage-bien-etre-by-lydia-695x1024.jpg\"},{\"@type\":\"BreadcrumbList\",\"@id\":\"https:\/\/hotelnestedejade.com\/en\/wellness\/#breadcrumb\",\"itemListElement\":[{\"@type\":\"ListItem\",\"position\":1,\"name\":\"Accueil\",\"item\":\"https:\/\/hotelnestedejade.com\/\"},{\"@type\":\"ListItem\",\"position\":2,\"name\":\"Bien-\u00eatre\"}]},{\"@type\":\"WebSite\",\"@id\":\"https:\/\/hotelnestedejade.com\/#website\",\"url\":\"https:\/\/hotelnestedejade.com\/\",\"name\":\"H\u00f4tel Neste de Jade, Saint-Lary Soulan, Hautes-Pyr\u00e9n\u00e9es\",\"description\":\"H\u00f4tel \u00e0 Saint Lary Soulan, Hautes-Pyr\u00e9n\u00e9es 65\",\"publisher\":{\"@id\":\"https:\/\/hotelnestedejade.com\/#organization\"},\"potentialAction\":[{\"@type\":\"SearchAction\",\"target\":{\"@type\":\"EntryPoint\",\"urlTemplate\":\"https:\/\/hotelnestedejade.com\/?s={search_term_string}\"},\"query-input\":{\"@type\":\"PropertyValueSpecification\",\"valueRequired\":true,\"valueName\":\"search_term_string\"}}],\"inLanguage\":\"en-GB\"},{\"@type\":\"Organization\",\"@id\":\"https:\/\/hotelnestedejade.com\/#organization\",\"name\":\"H\u00f4tel Neste de Jade\",\"url\":\"https:\/\/hotelnestedejade.com\/\",\"logo\":{\"@type\":\"ImageObject\",\"inLanguage\":\"en-GB\",\"@id\":\"https:\/\/hotelnestedejade.com\/#\/schema\/logo\/image\/\",\"url\":\"https:\/\/hotelnestedejade.com\/wp-content\/uploads\/2020\/03\/logo-1.png\",\"contentUrl\":\"https:\/\/hotelnestedejade.com\/wp-content\/uploads\/2020\/03\/logo-1.png\",\"width\":504,\"height\":179,\"caption\":\"H\u00f4tel Neste de Jade\"},\"image\":{\"@id\":\"https:\/\/hotelnestedejade.com\/#\/schema\/logo\/image\/\"}}]}<\/script>\n<!-- \/ Yoast SEO plugin. -->","yoast_head_json":{"title":"Wellness - Neste de Jade Hotel, Saint Lary Soulan, High Pyrenees, France","robots":{"index":"index","follow":"follow","max-snippet":"max-snippet:-1","max-image-preview":"max-image-preview:large","max-video-preview":"max-video-preview:-1"},"canonical":"https:\/\/hotelnestedejade.com\/en\/wellness\/","og_locale":"en_GB","og_type":"article","og_title":"Bien-\u00eatre - H\u00f4tel Neste de Jade, Saint-Lary Soulan, Hautes-Pyr\u00e9n\u00e9es","og_description":"Massages sur mesure et relaxation \u00e9motionnelle Bien-\u00eatre \u00ab Fais du Bien \u00e0 ton Corps pour que ton \u00c2me ait envie d\u2019y rester. \u00bb Massages avec Lydia Le Bien-Etre s\u2019invite \u00e0 La Neste de Jade! Je vous propose une offre de soins personnalis\u00e9s, dans le confort de votre chambre. D\u00e9tente, \u00c9nerg\u00e9tique, Sportif, Future Maman, Enfant, en ... Read more","og_url":"https:\/\/hotelnestedejade.com\/en\/wellness\/","og_site_name":"H\u00f4tel Neste de Jade, Saint-Lary Soulan, Hautes-Pyr\u00e9n\u00e9es","article_modified_time":"2022-01-08T17:16:14+00:00","og_image":[{"url":"https:\/\/hotelnestedejade.com\/wp-content\/uploads\/2020\/02\/massage-bien-etre-by-lydia-695x1024.jpg","type":"","width":"","height":""}],"twitter_card":"summary_large_image","twitter_misc":{"Estimated reading time":"1 minute"},"schema":{"@context":"https:\/\/schema.org","@graph":[{"@type":"WebPage","@id":"https:\/\/hotelnestedejade.com\/en\/wellness\/","url":"https:\/\/hotelnestedejade.com\/en\/wellness\/","name":"Wellness - Neste de Jade Hotel, Saint Lary Soulan, High Pyrenees, France","isPartOf":{"@id":"https:\/\/hotelnestedejade.com\/#website"},"primaryImageOfPage":{"@id":"https:\/\/hotelnestedejade.com\/en\/wellness\/#primaryimage"},"image":{"@id":"https:\/\/hotelnestedejade.com\/en\/wellness\/#primaryimage"},"thumbnailUrl":"https:\/\/hotelnestedejade.com\/wp-content\/uploads\/2020\/02\/massage-bien-etre-by-lydia-695x1024.jpg","datePublished":"2020-02-21T16:34:56+00:00","dateModified":"2022-01-08T17:16:14+00:00","breadcrumb":{"@id":"https:\/\/hotelnestedejade.com\/en\/wellness\/#breadcrumb"},"inLanguage":"en-GB","potentialAction":[{"@type":"ReadAction","target":["https:\/\/hotelnestedejade.com\/en\/wellness\/"]}]},{"@type":"ImageObject","inLanguage":"en-GB","@id":"https:\/\/hotelnestedejade.com\/en\/wellness\/#primaryimage","url":"https:\/\/hotelnestedejade.com\/wp-content\/uploads\/2020\/02\/massage-bien-etre-by-lydia-695x1024.jpg","contentUrl":"https:\/\/hotelnestedejade.com\/wp-content\/uploads\/2020\/02\/massage-bien-etre-by-lydia-695x1024.jpg"},{"@type":"BreadcrumbList","@id":"https:\/\/hotelnestedejade.com\/en\/wellness\/#breadcrumb","itemListElement":[{"@type":"ListItem","position":1,"name":"Accueil","item":"https:\/\/hotelnestedejade.com\/"},{"@type":"ListItem","position":2,"name":"Bien-\u00eatre"}]},{"@type":"WebSite","@id":"https:\/\/hotelnestedejade.com\/#website","url":"https:\/\/hotelnestedejade.com\/","name":"Neste de Jade Hotel, Saint Lary Soulan, High Pyrenees, France","description":"H\u00f4tel \u00e0 Saint Lary Soulan, Hautes-Pyr\u00e9n\u00e9es 65","publisher":{"@id":"https:\/\/hotelnestedejade.com\/#organization"},"potentialAction":[{"@type":"SearchAction","target":{"@type":"EntryPoint","urlTemplate":"https:\/\/hotelnestedejade.com\/?s={search_term_string}"},"query-input":{"@type":"PropertyValueSpecification","valueRequired":true,"valueName":"search_term_string"}}],"inLanguage":"en-GB"},{"@type":"Organization","@id":"https:\/\/hotelnestedejade.com\/#organization","name":"H\u00f4tel Neste de Jade","url":"https:\/\/hotelnestedejade.com\/","logo":{"@type":"ImageObject","inLanguage":"en-GB","@id":"https:\/\/hotelnestedejade.com\/#\/schema\/logo\/image\/","url":"https:\/\/hotelnestedejade.com\/wp-content\/uploads\/2020\/03\/logo-1.png","contentUrl":"https:\/\/hotelnestedejade.com\/wp-content\/uploads\/2020\/03\/logo-1.png","width":504,"height":179,"caption":"H\u00f4tel Neste de Jade"},"image":{"@id":"https:\/\/hotelnestedejade.com\/#\/schema\/logo\/image\/"}}]}},"_links":{"self":[{"href":"https:\/\/hotelnestedejade.com\/en\/wp-json\/wp\/v2\/pages\/333","targetHints":{"allow":["GET"]}}],"collection":[{"href":"https:\/\/hotelnestedejade.com\/en\/wp-json\/wp\/v2\/pages"}],"about":[{"href":"https:\/\/hotelnestedejade.com\/en\/wp-json\/wp\/v2\/types\/page"}],"author":[{"embeddable":true,"href":"https:\/\/hotelnestedejade.com\/en\/wp-json\/wp\/v2\/users\/1"}],"replies":[{"embeddable":true,"href":"https:\/\/hotelnestedejade.com\/en\/wp-json\/wp\/v2\/comments?post=333"}],"version-history":[{"count":60,"href":"https:\/\/hotelnestedejade.com\/en\/wp-json\/wp\/v2\/pages\/333\/revisions"}],"predecessor-version":[{"id":2483,"href":"https:\/\/hotelnestedejade.com\/en\/wp-json\/wp\/v2\/pages\/333\/revisions\/2483"}],"wp:attachment":[{"href":"https:\/\/hotelnestedejade.com\/en\/wp-json\/wp\/v2\/media?parent=333"}],"curies":[{"name":"wp","href":"https:\/\/api.w.org\/{rel}","templated":true}]}}