{"id":2889,"date":"2024-12-31T10:20:27","date_gmt":"2024-12-31T09:20:27","guid":{"rendered":"https:\/\/hotelnestedejade.com\/?page_id=2889"},"modified":"2024-12-31T10:33:47","modified_gmt":"2024-12-31T09:33:47","slug":"pictures","status":"publish","type":"page","link":"https:\/\/hotelnestedejade.com\/en\/photos\/","title":{"rendered":"Pictures"},"content":{"rendered":"<div data-elementor-type=\"wp-page\" data-elementor-id=\"2889\" class=\"elementor elementor-2889\" data-elementor-post-type=\"page\">\n\t\t\t\t\t\t<section class=\"elementor-section elementor-top-section elementor-element elementor-element-4d5e3cb1 elementor-section-stretched elementor-section-full_width elementor-section-height-min-height elementor-section-height-default elementor-section-items-middle\" data-id=\"4d5e3cb1\" data-element_type=\"section\" data-e-type=\"section\" data-settings=\"{&quot;stretch_section&quot;:&quot;section-stretched&quot;,&quot;background_background&quot;:&quot;classic&quot;}\">\n\t\t\t\t\t\t\t<div class=\"elementor-background-overlay\"><\/div>\n\t\t\t\t\t\t\t<div class=\"elementor-container elementor-column-gap-default\">\n\t\t\t\t\t<div class=\"elementor-column elementor-col-100 elementor-top-column elementor-element elementor-element-5fa3a3cd\" data-id=\"5fa3a3cd\" data-element_type=\"column\" data-e-type=\"column\">\n\t\t\t<div class=\"elementor-widget-wrap elementor-element-populated\">\n\t\t\t\t\t\t<div class=\"elementor-element elementor-element-369ced75 elementor-widget__width-auto elementor-widget elementor-widget-heading\" data-id=\"369ced75\" data-element_type=\"widget\" data-e-type=\"widget\" data-widget_type=\"heading.default\">\n\t\t\t\t<div class=\"elementor-widget-container\">\n\t\t\t\t\t<h1 class=\"elementor-heading-title elementor-size-default\">Pictures<\/h1>\t\t\t\t<\/div>\n\t\t\t\t<\/div>\n\t\t\t\t\t<\/div>\n\t\t<\/div>\n\t\t\t\t\t<\/div>\n\t\t<\/section>\n\t\t<div class=\"elementor-element elementor-element-7ab2847 e-flex e-con-boxed e-con e-parent\" data-id=\"7ab2847\" data-element_type=\"container\" data-e-type=\"container\">\n\t\t\t\t\t<div class=\"e-con-inner\">\n\t\t\t\t<div class=\"elementor-element elementor-element-6598566 elementor-widget elementor-widget-gallery\" data-id=\"6598566\" data-element_type=\"widget\" data-e-type=\"widget\" data-settings=\"{&quot;columns&quot;:3,&quot;lazyload&quot;:&quot;yes&quot;,&quot;gallery_layout&quot;:&quot;grid&quot;,&quot;columns_tablet&quot;:2,&quot;columns_mobile&quot;:1,&quot;gap&quot;:{&quot;unit&quot;:&quot;px&quot;,&quot;size&quot;:10,&quot;sizes&quot;:[]},&quot;gap_tablet&quot;:{&quot;unit&quot;:&quot;px&quot;,&quot;size&quot;:10,&quot;sizes&quot;:[]},&quot;gap_mobile&quot;:{&quot;unit&quot;:&quot;px&quot;,&quot;size&quot;:10,&quot;sizes&quot;:[]},&quot;link_to&quot;:&quot;file&quot;,&quot;aspect_ratio&quot;:&quot;3:2&quot;,&quot;overlay_background&quot;:&quot;yes&quot;,&quot;content_hover_animation&quot;:&quot;fade-in&quot;}\" data-widget_type=\"gallery.default\">\n\t\t\t\t<div class=\"elementor-widget-container\">\n\t\t\t\t\t\t\t<div class=\"elementor-gallery__container\">\n\t\t\t\t\t\t\t<a class=\"e-gallery-item elementor-gallery-item elementor-animated-content\" href=\"https:\/\/hotelnestedejade.com\/wp-content\/uploads\/SALON_ACCUEIL_hotel.jpg\" data-elementor-open-lightbox=\"yes\" data-elementor-lightbox-slideshow=\"6598566\" data-e-action-hash=\"#elementor-action%3Aaction%3Dlightbox%26settings%3DeyJpZCI6Mjg4MywidXJsIjoiaHR0cHM6XC9cL2hvdGVsbmVzdGVkZWphZGUuY29tXC93cC1jb250ZW50XC91cGxvYWRzXC9TQUxPTl9BQ0NVRUlMX2hvdGVsLmpwZyIsInNsaWRlc2hvdyI6IjY1OTg1NjYifQ%3D%3D\">\n\t\t\t\t\t<div class=\"e-gallery-image elementor-gallery-item__image\" data-thumbnail=\"https:\/\/hotelnestedejade.com\/wp-content\/uploads\/SALON_ACCUEIL_hotel-768x512.jpg\" data-width=\"768\" data-height=\"512\" aria-label=\"Salon hotel\" role=\"img\" ><\/div>\n\t\t\t\t\t\t\t\t\t\t\t<div class=\"elementor-gallery-item__overlay\"><\/div>\n\t\t\t\t\t\t\t\t\t\t\t\t\t\t<\/a>\n\t\t\t\t\t\t\t<a class=\"e-gallery-item elementor-gallery-item elementor-animated-content\" href=\"https:\/\/hotelnestedejade.com\/wp-content\/uploads\/piscine-hotel.jpg\" data-elementor-open-lightbox=\"yes\" data-elementor-lightbox-slideshow=\"6598566\" data-e-action-hash=\"#elementor-action%3Aaction%3Dlightbox%26settings%3DeyJpZCI6Mjg4MCwidXJsIjoiaHR0cHM6XC9cL2hvdGVsbmVzdGVkZWphZGUuY29tXC93cC1jb250ZW50XC91cGxvYWRzXC9waXNjaW5lLWhvdGVsLmpwZyIsInNsaWRlc2hvdyI6IjY1OTg1NjYifQ%3D%3D\">\n\t\t\t\t\t<div class=\"e-gallery-image elementor-gallery-item__image\" data-thumbnail=\"https:\/\/hotelnestedejade.com\/wp-content\/uploads\/piscine-hotel-768x513.jpg\" data-width=\"768\" data-height=\"513\" aria-label=\"Swimming Pool\" role=\"img\" ><\/div>\n\t\t\t\t\t\t\t\t\t\t\t<div class=\"elementor-gallery-item__overlay\"><\/div>\n\t\t\t\t\t\t\t\t\t\t\t\t\t\t<\/a>\n\t\t\t\t\t\t\t<a class=\"e-gallery-item elementor-gallery-item elementor-animated-content\" href=\"https:\/\/hotelnestedejade.com\/wp-content\/uploads\/PISCINE_hotel-saint-lary.jpg\" data-elementor-open-lightbox=\"yes\" data-elementor-lightbox-slideshow=\"6598566\" data-e-action-hash=\"#elementor-action%3Aaction%3Dlightbox%26settings%3DeyJpZCI6Mjg3NywidXJsIjoiaHR0cHM6XC9cL2hvdGVsbmVzdGVkZWphZGUuY29tXC93cC1jb250ZW50XC91cGxvYWRzXC9QSVNDSU5FX2hvdGVsLXNhaW50LWxhcnkuanBnIiwic2xpZGVzaG93IjoiNjU5ODU2NiJ9\">\n\t\t\t\t\t<div class=\"e-gallery-image elementor-gallery-item__image\" data-thumbnail=\"https:\/\/hotelnestedejade.com\/wp-content\/uploads\/PISCINE_hotel-saint-lary-768x512.jpg\" data-width=\"768\" data-height=\"512\" aria-label=\"Chaises longues piscine\" role=\"img\" ><\/div>\n\t\t\t\t\t\t\t\t\t\t\t<div class=\"elementor-gallery-item__overlay\"><\/div>\n\t\t\t\t\t\t\t\t\t\t\t\t\t\t<\/a>\n\t\t\t\t\t\t\t<a class=\"e-gallery-item elementor-gallery-item elementor-animated-content\" href=\"https:\/\/hotelnestedejade.com\/wp-content\/uploads\/PETIT-DEJEUNER_hotel.jpg\" data-elementor-open-lightbox=\"yes\" data-elementor-lightbox-slideshow=\"6598566\" data-e-action-hash=\"#elementor-action%3Aaction%3Dlightbox%26settings%3DeyJpZCI6Mjg3NCwidXJsIjoiaHR0cHM6XC9cL2hvdGVsbmVzdGVkZWphZGUuY29tXC93cC1jb250ZW50XC91cGxvYWRzXC9QRVRJVC1ERUpFVU5FUl9ob3RlbC5qcGciLCJzbGlkZXNob3ciOiI2NTk4NTY2In0%3D\">\n\t\t\t\t\t<div class=\"e-gallery-image elementor-gallery-item__image\" data-thumbnail=\"https:\/\/hotelnestedejade.com\/wp-content\/uploads\/PETIT-DEJEUNER_hotel-768x512.jpg\" data-width=\"768\" data-height=\"512\" aria-label=\"Petit d\u00e9jeuner\" role=\"img\" ><\/div>\n\t\t\t\t\t\t\t\t\t\t\t<div class=\"elementor-gallery-item__overlay\"><\/div>\n\t\t\t\t\t\t\t\t\t\t\t\t\t\t<\/a>\n\t\t\t\t\t\t\t<a class=\"e-gallery-item elementor-gallery-item elementor-animated-content\" href=\"https:\/\/hotelnestedejade.com\/wp-content\/uploads\/lit-chambre-hotel-neste-de-jade.jpg\" data-elementor-open-lightbox=\"yes\" data-elementor-lightbox-slideshow=\"6598566\" data-e-action-hash=\"#elementor-action%3Aaction%3Dlightbox%26settings%3DeyJpZCI6Mjg3MSwidXJsIjoiaHR0cHM6XC9cL2hvdGVsbmVzdGVkZWphZGUuY29tXC93cC1jb250ZW50XC91cGxvYWRzXC9saXQtY2hhbWJyZS1ob3RlbC1uZXN0ZS1kZS1qYWRlLmpwZyIsInNsaWRlc2hvdyI6IjY1OTg1NjYifQ%3D%3D\">\n\t\t\t\t\t<div class=\"e-gallery-image elementor-gallery-item__image\" data-thumbnail=\"https:\/\/hotelnestedejade.com\/wp-content\/uploads\/lit-chambre-hotel-neste-de-jade-768x472.jpg\" data-width=\"768\" data-height=\"472\" aria-label=\"Lit hotel\" role=\"img\" ><\/div>\n\t\t\t\t\t\t\t\t\t\t\t<div class=\"elementor-gallery-item__overlay\"><\/div>\n\t\t\t\t\t\t\t\t\t\t\t\t\t\t<\/a>\n\t\t\t\t\t\t\t<a class=\"e-gallery-item elementor-gallery-item elementor-animated-content\" href=\"https:\/\/hotelnestedejade.com\/wp-content\/uploads\/hotel-neste-de-jade-saint-lary-soulan.jpg\" data-elementor-open-lightbox=\"yes\" data-elementor-lightbox-slideshow=\"6598566\" data-e-action-hash=\"#elementor-action%3Aaction%3Dlightbox%26settings%3DeyJpZCI6Mjg2OCwidXJsIjoiaHR0cHM6XC9cL2hvdGVsbmVzdGVkZWphZGUuY29tXC93cC1jb250ZW50XC91cGxvYWRzXC9ob3RlbC1uZXN0ZS1kZS1qYWRlLXNhaW50LWxhcnktc291bGFuLmpwZyIsInNsaWRlc2hvdyI6IjY1OTg1NjYifQ%3D%3D\">\n\t\t\t\t\t<div class=\"e-gallery-image elementor-gallery-item__image\" data-thumbnail=\"https:\/\/hotelnestedejade.com\/wp-content\/uploads\/hotel-neste-de-jade-saint-lary-soulan-768x415.jpg\" data-width=\"768\" data-height=\"415\" aria-label=\"Hotel Neste de Jade\" role=\"img\" ><\/div>\n\t\t\t\t\t\t\t\t\t\t\t<div class=\"elementor-gallery-item__overlay\"><\/div>\n\t\t\t\t\t\t\t\t\t\t\t\t\t\t<\/a>\n\t\t\t\t\t\t\t<a class=\"e-gallery-item elementor-gallery-item elementor-animated-content\" href=\"https:\/\/hotelnestedejade.com\/wp-content\/uploads\/exterieur-hotel-saint-lary-hiver.jpg\" data-elementor-open-lightbox=\"yes\" data-elementor-lightbox-slideshow=\"6598566\" data-e-action-hash=\"#elementor-action%3Aaction%3Dlightbox%26settings%3DeyJpZCI6Mjg2NSwidXJsIjoiaHR0cHM6XC9cL2hvdGVsbmVzdGVkZWphZGUuY29tXC93cC1jb250ZW50XC91cGxvYWRzXC9leHRlcmlldXItaG90ZWwtc2FpbnQtbGFyeS1oaXZlci5qcGciLCJzbGlkZXNob3ciOiI2NTk4NTY2In0%3D\">\n\t\t\t\t\t<div class=\"e-gallery-image elementor-gallery-item__image\" data-thumbnail=\"https:\/\/hotelnestedejade.com\/wp-content\/uploads\/exterieur-hotel-saint-lary-hiver-768x393.jpg\" data-width=\"768\" data-height=\"393\" aria-label=\"Hotel neste de Jade hiver\" role=\"img\" ><\/div>\n\t\t\t\t\t\t\t\t\t\t\t<div class=\"elementor-gallery-item__overlay\"><\/div>\n\t\t\t\t\t\t\t\t\t\t\t\t\t\t<\/a>\n\t\t\t\t\t\t\t<a class=\"e-gallery-item elementor-gallery-item elementor-animated-content\" href=\"https:\/\/hotelnestedejade.com\/wp-content\/uploads\/decoration-hotel.jpg\" data-elementor-open-lightbox=\"yes\" data-elementor-lightbox-slideshow=\"6598566\" data-e-action-hash=\"#elementor-action%3Aaction%3Dlightbox%26settings%3DeyJpZCI6Mjg2MiwidXJsIjoiaHR0cHM6XC9cL2hvdGVsbmVzdGVkZWphZGUuY29tXC93cC1jb250ZW50XC91cGxvYWRzXC9kZWNvcmF0aW9uLWhvdGVsLmpwZyIsInNsaWRlc2hvdyI6IjY1OTg1NjYifQ%3D%3D\">\n\t\t\t\t\t<div class=\"e-gallery-image elementor-gallery-item__image\" data-thumbnail=\"https:\/\/hotelnestedejade.com\/wp-content\/uploads\/decoration-hotel-768x1024.jpg\" data-width=\"768\" data-height=\"1024\" aria-label=\"D\u00e9coration salon hotel\" role=\"img\" ><\/div>\n\t\t\t\t\t\t\t\t\t\t\t<div class=\"elementor-gallery-item__overlay\"><\/div>\n\t\t\t\t\t\t\t\t\t\t\t\t\t\t<\/a>\n\t\t\t\t\t\t\t<a class=\"e-gallery-item elementor-gallery-item elementor-animated-content\" href=\"https:\/\/hotelnestedejade.com\/wp-content\/uploads\/2021\/09\/CHAMBRE_STANDARD_BALCON.jpg\" data-elementor-open-lightbox=\"yes\" data-elementor-lightbox-slideshow=\"6598566\" data-e-action-hash=\"#elementor-action%3Aaction%3Dlightbox%26settings%3DeyJpZCI6MjM1MywidXJsIjoiaHR0cHM6XC9cL2hvdGVsbmVzdGVkZWphZGUuY29tXC93cC1jb250ZW50XC91cGxvYWRzXC8yMDIxXC8wOVwvQ0hBTUJSRV9TVEFOREFSRF9CQUxDT04uanBnIiwic2xpZGVzaG93IjoiNjU5ODU2NiJ9\">\n\t\t\t\t\t<div class=\"e-gallery-image elementor-gallery-item__image\" data-thumbnail=\"https:\/\/hotelnestedejade.com\/wp-content\/uploads\/2021\/09\/CHAMBRE_STANDARD_BALCON-768x512.jpg\" data-width=\"768\" data-height=\"512\" aria-label=\"Chambre double twin avec balcon\" role=\"img\" ><\/div>\n\t\t\t\t\t\t\t\t\t\t\t<div class=\"elementor-gallery-item__overlay\"><\/div>\n\t\t\t\t\t\t\t\t\t\t\t\t\t\t<\/a>\n\t\t\t\t\t\t\t<a class=\"e-gallery-item elementor-gallery-item elementor-animated-content\" href=\"https:\/\/hotelnestedejade.com\/wp-content\/uploads\/2021\/09\/CHAMBRE_FAMILIALE_4-TERRASSE.jpg\" data-elementor-open-lightbox=\"yes\" data-elementor-lightbox-slideshow=\"6598566\" data-e-action-hash=\"#elementor-action%3Aaction%3Dlightbox%26settings%3DeyJpZCI6MjMyMiwidXJsIjoiaHR0cHM6XC9cL2hvdGVsbmVzdGVkZWphZGUuY29tXC93cC1jb250ZW50XC91cGxvYWRzXC8yMDIxXC8wOVwvQ0hBTUJSRV9GQU1JTElBTEVfNC1URVJSQVNTRS5qcGciLCJzbGlkZXNob3ciOiI2NTk4NTY2In0%3D\">\n\t\t\t\t\t<div class=\"e-gallery-image elementor-gallery-item__image\" data-thumbnail=\"https:\/\/hotelnestedejade.com\/wp-content\/uploads\/2021\/09\/CHAMBRE_FAMILIALE_4-TERRASSE-768x512.jpg\" data-width=\"768\" data-height=\"512\" aria-label=\"Chambre familiale 4 personnes terrasse\" role=\"img\" ><\/div>\n\t\t\t\t\t\t\t\t\t\t\t<div class=\"elementor-gallery-item__overlay\"><\/div>\n\t\t\t\t\t\t\t\t\t\t\t\t\t\t<\/a>\n\t\t\t\t\t\t\t<a class=\"e-gallery-item elementor-gallery-item elementor-animated-content\" href=\"https:\/\/hotelnestedejade.com\/wp-content\/uploads\/2021\/09\/CHAMBRE_FAMILIALE_5_INTERIEUR.jpg\" data-elementor-open-lightbox=\"yes\" data-elementor-lightbox-slideshow=\"6598566\" data-e-action-hash=\"#elementor-action%3Aaction%3Dlightbox%26settings%3DeyJpZCI6MjMxMiwidXJsIjoiaHR0cHM6XC9cL2hvdGVsbmVzdGVkZWphZGUuY29tXC93cC1jb250ZW50XC91cGxvYWRzXC8yMDIxXC8wOVwvQ0hBTUJSRV9GQU1JTElBTEVfNV9JTlRFUklFVVIuanBnIiwic2xpZGVzaG93IjoiNjU5ODU2NiJ9\">\n\t\t\t\t\t<div class=\"e-gallery-image elementor-gallery-item__image\" data-thumbnail=\"https:\/\/hotelnestedejade.com\/wp-content\/uploads\/2021\/09\/CHAMBRE_FAMILIALE_5_INTERIEUR-768x512.jpg\" data-width=\"768\" data-height=\"512\" aria-label=\"\" role=\"img\" ><\/div>\n\t\t\t\t\t\t\t\t\t\t\t<div class=\"elementor-gallery-item__overlay\"><\/div>\n\t\t\t\t\t\t\t\t\t\t\t\t\t\t<\/a>\n\t\t\t\t\t\t\t<a class=\"e-gallery-item elementor-gallery-item elementor-animated-content\" href=\"https:\/\/hotelnestedejade.com\/wp-content\/uploads\/2021\/09\/CHAMBRE_STANDARD1.jpg\" data-elementor-open-lightbox=\"yes\" data-elementor-lightbox-slideshow=\"6598566\" data-e-action-hash=\"#elementor-action%3Aaction%3Dlightbox%26settings%3DeyJpZCI6MjMwOCwidXJsIjoiaHR0cHM6XC9cL2hvdGVsbmVzdGVkZWphZGUuY29tXC93cC1jb250ZW50XC91cGxvYWRzXC8yMDIxXC8wOVwvQ0hBTUJSRV9TVEFOREFSRDEuanBnIiwic2xpZGVzaG93IjoiNjU5ODU2NiJ9\">\n\t\t\t\t\t<div class=\"e-gallery-image elementor-gallery-item__image\" data-thumbnail=\"https:\/\/hotelnestedejade.com\/wp-content\/uploads\/2021\/09\/CHAMBRE_STANDARD1-768x512.jpg\" data-width=\"768\" data-height=\"512\" aria-label=\"Chambre standard hotel neste de jade saint-lary soulan\" role=\"img\" ><\/div>\n\t\t\t\t\t\t\t\t\t\t\t<div class=\"elementor-gallery-item__overlay\"><\/div>\n\t\t\t\t\t\t\t\t\t\t\t\t\t\t<\/a>\n\t\t\t\t\t<\/div>\n\t\t\t\t\t<\/div>\n\t\t\t\t<\/div>\n\t\t\t\t\t<\/div>\n\t\t\t\t<\/div>\n\t\t\t\t<\/div>","protected":false},"excerpt":{"rendered":"<p>Pictures<\/p>","protected":false},"author":1,"featured_media":0,"parent":0,"menu_order":0,"comment_status":"closed","ping_status":"closed","template":"elementor_header_footer","meta":{"_glsr_average":0,"_glsr_ranking":0,"_glsr_reviews":0,"footnotes":""},"class_list":["post-2889","page","type-page","status-publish"],"yoast_head":"<!-- This site is optimized with the Yoast SEO plugin v27.2 - https:\/\/yoast.com\/product\/yoast-seo-wordpress\/ -->\n<title>Photos - H\u00f4tel Neste de Jade, Saint-Lary Soulan, Hautes-Pyr\u00e9n\u00e9es<\/title>\n<meta name=\"robots\" content=\"index, follow, max-snippet:-1, max-image-preview:large, max-video-preview:-1\" \/>\n<link rel=\"canonical\" href=\"https:\/\/hotelnestedejade.com\/en\/pictures\/\" \/>\n<meta property=\"og:locale\" content=\"en_GB\" \/>\n<meta property=\"og:type\" content=\"article\" \/>\n<meta property=\"og:title\" content=\"Photos - H\u00f4tel Neste de Jade, Saint-Lary Soulan, Hautes-Pyr\u00e9n\u00e9es\" \/>\n<meta property=\"og:description\" content=\"Photos\" \/>\n<meta property=\"og:url\" content=\"https:\/\/hotelnestedejade.com\/en\/pictures\/\" \/>\n<meta property=\"og:site_name\" content=\"H\u00f4tel Neste de Jade, Saint-Lary Soulan, Hautes-Pyr\u00e9n\u00e9es\" \/>\n<meta property=\"article:modified_time\" content=\"2024-12-31T09:33:47+00:00\" \/>\n<meta name=\"twitter:card\" content=\"summary_large_image\" \/>\n<meta name=\"twitter:label1\" content=\"Estimated reading time\" \/>\n\t<meta name=\"twitter:data1\" content=\"1 minute\" \/>\n<script type=\"application\/ld+json\" class=\"yoast-schema-graph\">{\"@context\":\"https:\/\/schema.org\",\"@graph\":[{\"@type\":\"WebPage\",\"@id\":\"https:\/\/hotelnestedejade.com\/photos\/\",\"url\":\"https:\/\/hotelnestedejade.com\/photos\/\",\"name\":\"Photos - H\u00f4tel Neste de Jade, Saint-Lary Soulan, Hautes-Pyr\u00e9n\u00e9es\",\"isPartOf\":{\"@id\":\"https:\/\/hotelnestedejade.com\/#website\"},\"datePublished\":\"2024-12-31T09:20:27+00:00\",\"dateModified\":\"2024-12-31T09:33:47+00:00\",\"breadcrumb\":{\"@id\":\"https:\/\/hotelnestedejade.com\/photos\/#breadcrumb\"},\"inLanguage\":\"en-GB\",\"potentialAction\":[{\"@type\":\"ReadAction\",\"target\":[\"https:\/\/hotelnestedejade.com\/photos\/\"]}]},{\"@type\":\"BreadcrumbList\",\"@id\":\"https:\/\/hotelnestedejade.com\/photos\/#breadcrumb\",\"itemListElement\":[{\"@type\":\"ListItem\",\"position\":1,\"name\":\"Accueil\",\"item\":\"https:\/\/hotelnestedejade.com\/\"},{\"@type\":\"ListItem\",\"position\":2,\"name\":\"Photos\"}]},{\"@type\":\"WebSite\",\"@id\":\"https:\/\/hotelnestedejade.com\/#website\",\"url\":\"https:\/\/hotelnestedejade.com\/\",\"name\":\"H\u00f4tel Neste de Jade, Saint-Lary Soulan, Hautes-Pyr\u00e9n\u00e9es\",\"description\":\"H\u00f4tel \u00e0 Saint Lary Soulan, Hautes-Pyr\u00e9n\u00e9es 65\",\"publisher\":{\"@id\":\"https:\/\/hotelnestedejade.com\/#organization\"},\"potentialAction\":[{\"@type\":\"SearchAction\",\"target\":{\"@type\":\"EntryPoint\",\"urlTemplate\":\"https:\/\/hotelnestedejade.com\/?s={search_term_string}\"},\"query-input\":{\"@type\":\"PropertyValueSpecification\",\"valueRequired\":true,\"valueName\":\"search_term_string\"}}],\"inLanguage\":\"en-GB\"},{\"@type\":\"Organization\",\"@id\":\"https:\/\/hotelnestedejade.com\/#organization\",\"name\":\"H\u00f4tel Neste de Jade\",\"url\":\"https:\/\/hotelnestedejade.com\/\",\"logo\":{\"@type\":\"ImageObject\",\"inLanguage\":\"en-GB\",\"@id\":\"https:\/\/hotelnestedejade.com\/#\/schema\/logo\/image\/\",\"url\":\"https:\/\/hotelnestedejade.com\/wp-content\/uploads\/2020\/03\/logo-1.png\",\"contentUrl\":\"https:\/\/hotelnestedejade.com\/wp-content\/uploads\/2020\/03\/logo-1.png\",\"width\":504,\"height\":179,\"caption\":\"H\u00f4tel Neste de Jade\"},\"image\":{\"@id\":\"https:\/\/hotelnestedejade.com\/#\/schema\/logo\/image\/\"}}]}<\/script>\n<!-- \/ Yoast SEO plugin. -->","yoast_head_json":{"title":"Photos - H\u00f4tel Neste de Jade, Saint-Lary Soulan, Hautes-Pyr\u00e9n\u00e9es","robots":{"index":"index","follow":"follow","max-snippet":"max-snippet:-1","max-image-preview":"max-image-preview:large","max-video-preview":"max-video-preview:-1"},"canonical":"https:\/\/hotelnestedejade.com\/en\/pictures\/","og_locale":"en_GB","og_type":"article","og_title":"Photos - H\u00f4tel Neste de Jade, Saint-Lary Soulan, Hautes-Pyr\u00e9n\u00e9es","og_description":"Photos","og_url":"https:\/\/hotelnestedejade.com\/en\/pictures\/","og_site_name":"H\u00f4tel Neste de Jade, Saint-Lary Soulan, Hautes-Pyr\u00e9n\u00e9es","article_modified_time":"2024-12-31T09:33:47+00:00","twitter_card":"summary_large_image","twitter_misc":{"Estimated reading time":"1 minute"},"schema":{"@context":"https:\/\/schema.org","@graph":[{"@type":"WebPage","@id":"https:\/\/hotelnestedejade.com\/photos\/","url":"https:\/\/hotelnestedejade.com\/photos\/","name":"Photos - H\u00f4tel Neste de Jade, Saint-Lary Soulan, Hautes-Pyr\u00e9n\u00e9es","isPartOf":{"@id":"https:\/\/hotelnestedejade.com\/#website"},"datePublished":"2024-12-31T09:20:27+00:00","dateModified":"2024-12-31T09:33:47+00:00","breadcrumb":{"@id":"https:\/\/hotelnestedejade.com\/photos\/#breadcrumb"},"inLanguage":"en-GB","potentialAction":[{"@type":"ReadAction","target":["https:\/\/hotelnestedejade.com\/photos\/"]}]},{"@type":"BreadcrumbList","@id":"https:\/\/hotelnestedejade.com\/photos\/#breadcrumb","itemListElement":[{"@type":"ListItem","position":1,"name":"Accueil","item":"https:\/\/hotelnestedejade.com\/"},{"@type":"ListItem","position":2,"name":"Photos"}]},{"@type":"WebSite","@id":"https:\/\/hotelnestedejade.com\/#website","url":"https:\/\/hotelnestedejade.com\/","name":"Neste de Jade Hotel, Saint Lary Soulan, High Pyrenees, France","description":"H\u00f4tel \u00e0 Saint Lary Soulan, Hautes-Pyr\u00e9n\u00e9es 65","publisher":{"@id":"https:\/\/hotelnestedejade.com\/#organization"},"potentialAction":[{"@type":"SearchAction","target":{"@type":"EntryPoint","urlTemplate":"https:\/\/hotelnestedejade.com\/?s={search_term_string}"},"query-input":{"@type":"PropertyValueSpecification","valueRequired":true,"valueName":"search_term_string"}}],"inLanguage":"en-GB"},{"@type":"Organization","@id":"https:\/\/hotelnestedejade.com\/#organization","name":"H\u00f4tel Neste de Jade","url":"https:\/\/hotelnestedejade.com\/","logo":{"@type":"ImageObject","inLanguage":"en-GB","@id":"https:\/\/hotelnestedejade.com\/#\/schema\/logo\/image\/","url":"https:\/\/hotelnestedejade.com\/wp-content\/uploads\/2020\/03\/logo-1.png","contentUrl":"https:\/\/hotelnestedejade.com\/wp-content\/uploads\/2020\/03\/logo-1.png","width":504,"height":179,"caption":"H\u00f4tel Neste de Jade"},"image":{"@id":"https:\/\/hotelnestedejade.com\/#\/schema\/logo\/image\/"}}]}},"_links":{"self":[{"href":"https:\/\/hotelnestedejade.com\/en\/wp-json\/wp\/v2\/pages\/2889","targetHints":{"allow":["GET"]}}],"collection":[{"href":"https:\/\/hotelnestedejade.com\/en\/wp-json\/wp\/v2\/pages"}],"about":[{"href":"https:\/\/hotelnestedejade.com\/en\/wp-json\/wp\/v2\/types\/page"}],"author":[{"embeddable":true,"href":"https:\/\/hotelnestedejade.com\/en\/wp-json\/wp\/v2\/users\/1"}],"replies":[{"embeddable":true,"href":"https:\/\/hotelnestedejade.com\/en\/wp-json\/wp\/v2\/comments?post=2889"}],"version-history":[{"count":7,"href":"https:\/\/hotelnestedejade.com\/en\/wp-json\/wp\/v2\/pages\/2889\/revisions"}],"predecessor-version":[{"id":2913,"href":"https:\/\/hotelnestedejade.com\/en\/wp-json\/wp\/v2\/pages\/2889\/revisions\/2913"}],"wp:attachment":[{"href":"https:\/\/hotelnestedejade.com\/en\/wp-json\/wp\/v2\/media?parent=2889"}],"curies":[{"name":"wp","href":"https:\/\/api.w.org\/{rel}","templated":true}]}}