{"id":2692,"date":"2023-11-09T14:42:11","date_gmt":"2023-11-09T13:42:11","guid":{"rendered":"https:\/\/hotelnestedejade.com\/?page_id=2692"},"modified":"2025-09-04T00:15:55","modified_gmt":"2025-09-03T22:15:55","slug":"gift-card","status":"publish","type":"page","link":"https:\/\/hotelnestedejade.com\/en\/bon-cadeau\/","title":{"rendered":"Bon Cadeau"},"content":{"rendered":"<div data-elementor-type=\"wp-page\" data-elementor-id=\"2692\" class=\"elementor elementor-2692\" data-elementor-post-type=\"page\">\n\t\t\t\t\t\t<section class=\"elementor-section elementor-top-section elementor-element elementor-element-f128639 elementor-section-stretched elementor-section-full_width elementor-section-height-min-height elementor-section-height-default elementor-section-items-middle\" data-id=\"f128639\" data-element_type=\"section\" data-e-type=\"section\" data-settings=\"{&quot;stretch_section&quot;:&quot;section-stretched&quot;,&quot;background_background&quot;:&quot;classic&quot;}\">\n\t\t\t\t\t\t\t<div class=\"elementor-background-overlay\"><\/div>\n\t\t\t\t\t\t\t<div class=\"elementor-container elementor-column-gap-default\">\n\t\t\t\t\t<div class=\"elementor-column elementor-col-100 elementor-top-column elementor-element elementor-element-1878a30\" data-id=\"1878a30\" data-element_type=\"column\" data-e-type=\"column\">\n\t\t\t<div class=\"elementor-widget-wrap elementor-element-populated\">\n\t\t\t\t\t\t<div class=\"elementor-element elementor-element-e37d6eb elementor-widget__width-auto elementor-widget elementor-widget-heading\" data-id=\"e37d6eb\" data-element_type=\"widget\" data-e-type=\"widget\" data-widget_type=\"heading.default\">\n\t\t\t\t<div class=\"elementor-widget-container\">\n\t\t\t\t\t<h1 class=\"elementor-heading-title elementor-size-default\">Gift card<\/h1>\t\t\t\t<\/div>\n\t\t\t\t<\/div>\n\t\t\t\t\t<\/div>\n\t\t<\/div>\n\t\t\t\t\t<\/div>\n\t\t<\/section>\n\t\t\t\t<section class=\"elementor-section elementor-top-section elementor-element elementor-element-336c340 elementor-section-stretched elementor-section-boxed elementor-section-height-default elementor-section-height-default\" data-id=\"336c340\" data-element_type=\"section\" data-e-type=\"section\" data-settings=\"{&quot;stretch_section&quot;:&quot;section-stretched&quot;}\">\n\t\t\t\t\t\t<div class=\"elementor-container elementor-column-gap-default\">\n\t\t\t\t\t<div class=\"elementor-column elementor-col-100 elementor-top-column elementor-element elementor-element-6b39e05\" data-id=\"6b39e05\" data-element_type=\"column\" data-e-type=\"column\">\n\t\t\t<div class=\"elementor-widget-wrap elementor-element-populated\">\n\t\t\t\t\t\t<div class=\"elementor-element elementor-element-aa9bb4b elementor-widget elementor-widget-heading\" data-id=\"aa9bb4b\" data-element_type=\"widget\" data-e-type=\"widget\" data-widget_type=\"heading.default\">\n\t\t\t\t<div class=\"elementor-widget-container\">\n\t\t\t\t\t<h2 class=\"elementor-heading-title elementor-size-default\">PLEASURE OF GIVING<\/h2>\t\t\t\t<\/div>\n\t\t\t\t<\/div>\n\t\t\t\t<div class=\"elementor-element elementor-element-2c92bf9 elementor-widget elementor-widget-text-editor\" data-id=\"2c92bf9\" data-element_type=\"widget\" data-e-type=\"widget\" data-widget_type=\"text-editor.default\">\n\t\t\t\t<div class=\"elementor-widget-container\">\n\t\t\t\t\t\t\t\t\tRemember to please for birthdays, Mother\u2019s and Father\u2019s Day, Valentine\u2019s Day, Christmas or even for a surprise stay.\t\t\t\t\t\t\t\t<\/div>\n\t\t\t\t<\/div>\n\t\t\t\t\t<\/div>\n\t\t<\/div>\n\t\t\t\t\t<\/div>\n\t\t<\/section>\n\t\t<div class=\"elementor-element elementor-element-264aaaf e-flex e-con-boxed e-con e-parent\" data-id=\"264aaaf\" data-element_type=\"container\" data-e-type=\"container\" data-settings=\"{&quot;background_background&quot;:&quot;classic&quot;}\">\n\t\t\t\t\t<div class=\"e-con-inner\">\n\t\t<div class=\"elementor-element elementor-element-1d9bdfc e-con-full e-flex e-con e-child\" data-id=\"1d9bdfc\" data-element_type=\"container\" data-e-type=\"container\">\n\t\t\t\t<div class=\"elementor-element elementor-element-6e4bb3e elementor-widget elementor-widget-heading\" data-id=\"6e4bb3e\" data-element_type=\"widget\" data-e-type=\"widget\" data-widget_type=\"heading.default\">\n\t\t\t\t<div class=\"elementor-widget-container\">\n\t\t\t\t\t<h2 class=\"elementor-heading-title elementor-size-default\">PLEASURE STAY<br> <small>FROM 135\u20ac TO 200\u20ac <\/small><\/h2>\t\t\t\t<\/div>\n\t\t\t\t<\/div>\n\t\t\t\t<div class=\"elementor-element elementor-element-d4b5eef elementor-widget elementor-widget-text-editor\" data-id=\"d4b5eef\" data-element_type=\"widget\" data-e-type=\"widget\" data-widget_type=\"text-editor.default\">\n\t\t\t\t<div class=\"elementor-widget-container\">\n\t\t\t\t\t\t\t\t\t<p>Come and enjoy a night in the mountains in one of our double rooms with a cocooning feel.<\/p>\t\t\t\t\t\t\t\t<\/div>\n\t\t\t\t<\/div>\n\t\t\t\t<div class=\"elementor-element elementor-element-b112de9 elementor-widget elementor-widget-text-editor\" data-id=\"b112de9\" data-element_type=\"widget\" data-e-type=\"widget\" data-widget_type=\"text-editor.default\">\n\t\t\t\t<div class=\"elementor-widget-container\">\n\t\t\t\t\t\t\t\t\t<ul><li>One night in a double room<\/li><li>Two buffet breakfasts with local and organic products<\/li><li>Welcome gift<\/li><\/ul>\t\t\t\t\t\t\t\t<\/div>\n\t\t\t\t<\/div>\n\t\t\t\t<\/div>\n\t\t<div class=\"elementor-element elementor-element-412b960 e-con-full e-flex e-con e-child\" data-id=\"412b960\" data-element_type=\"container\" data-e-type=\"container\">\n\t\t\t\t<div class=\"elementor-element elementor-element-c549469 elementor-widget__width-auto elementor-widget elementor-widget-heading\" data-id=\"c549469\" data-element_type=\"widget\" data-e-type=\"widget\" data-widget_type=\"heading.default\">\n\t\t\t\t<div class=\"elementor-widget-container\">\n\t\t\t\t\t<h2 class=\"elementor-heading-title elementor-size-default\">Romantic stay<br> <small>FROM 155\u20ac TO 225\u20ac <\/small><\/h2>\t\t\t\t<\/div>\n\t\t\t\t<\/div>\n\t\t\t\t<div class=\"elementor-element elementor-element-98ca9a9 elementor-widget elementor-widget-text-editor\" data-id=\"98ca9a9\" data-element_type=\"widget\" data-e-type=\"widget\" data-widget_type=\"text-editor.default\">\n\t\t\t\t<div class=\"elementor-widget-container\">\n\t\t\t\t\t\t\t\t\tThe pleasures of life are meant to be shared between two people!\t\t\t\t\t\t\t\t<\/div>\n\t\t\t\t<\/div>\n\t\t\t\t<div class=\"elementor-element elementor-element-f8db90a elementor-widget elementor-widget-text-editor\" data-id=\"f8db90a\" data-element_type=\"widget\" data-e-type=\"widget\" data-widget_type=\"text-editor.default\">\n\t\t\t\t<div class=\"elementor-widget-container\">\n\t\t\t\t\t\t\t\t\t<ul><li>One night in a double room<\/li><li>37.5cl bottle of champagne and Pyrenean sweet sachet in the room<\/li><li>Two buffet breakfasts with local and organic products<\/li><\/ul>\t\t\t\t\t\t\t\t<\/div>\n\t\t\t\t<\/div>\n\t\t\t\t<\/div>\n\t\t\t\t\t<\/div>\n\t\t\t\t<\/div>\n\t\t\t\t<section class=\"elementor-section elementor-top-section elementor-element elementor-element-3272a17 elementor-section-stretched elementor-section-boxed elementor-section-height-default elementor-section-height-default\" data-id=\"3272a17\" data-element_type=\"section\" data-e-type=\"section\" data-settings=\"{&quot;stretch_section&quot;:&quot;section-stretched&quot;,&quot;background_background&quot;:&quot;classic&quot;}\">\n\t\t\t\t\t\t<div class=\"elementor-container elementor-column-gap-default\">\n\t\t\t\t\t<div class=\"elementor-column elementor-col-100 elementor-top-column elementor-element elementor-element-07fc0bd\" data-id=\"07fc0bd\" data-element_type=\"column\" data-e-type=\"column\">\n\t\t\t<div class=\"elementor-widget-wrap elementor-element-populated\">\n\t\t\t\t\t\t<div class=\"elementor-element elementor-element-1879db8 elementor-widget elementor-widget-heading\" data-id=\"1879db8\" data-element_type=\"widget\" data-e-type=\"widget\" data-widget_type=\"heading.default\">\n\t\t\t\t<div class=\"elementor-widget-container\">\n\t\t\t\t\t<h2 class=\"elementor-heading-title elementor-size-default\">To buy your gift voucher:<\/h2>\t\t\t\t<\/div>\n\t\t\t\t<\/div>\n\t\t\t\t<div class=\"elementor-element elementor-element-f3f0aab elementor-widget elementor-widget-text-editor\" data-id=\"f3f0aab\" data-element_type=\"widget\" data-e-type=\"widget\" data-widget_type=\"text-editor.default\">\n\t\t\t\t<div class=\"elementor-widget-container\">\n\t\t\t\t\t\t\t\t\tContact us by email : <a href=\"mailto:nestedejade@gmail.com\" style=\"color:#8DB731\">nestedejade@gmail.com<\/a>\nor call us at <a href=\"tel:+33562394279\" style=\"color:#8DB731\">05.62.39.42.79<\/a>\t\t\t\t\t\t\t\t<\/div>\n\t\t\t\t<\/div>\n\t\t\t\t\t<\/div>\n\t\t<\/div>\n\t\t\t\t\t<\/div>\n\t\t<\/section>\n\t\t\t\t<\/div>","protected":false},"excerpt":{"rendered":"<p>Bon cadeau PLAISIR D&rsquo;OFFRIR Pensez \u00e0 faire plaisir ou \u00e0 vous faire plaisir pour les anniversaires, f\u00eates des m\u00e8res et des p\u00e8res, Saint-Valentin, No\u00ebl ou encore pour un s\u00e9jour surprise. S\u00e9jour plaisir ENTRE 135\u20ac ET 200\u20ac Offrez une nuit de plaisir au c\u0153ur des Pyr\u00e9n\u00e9es dans une de nos chambres \u00e9l\u00e9gantes au d\u00e9cor bois\u00e9 et &#8230; <a title=\"Bon Cadeau\" class=\"read-more\" href=\"https:\/\/hotelnestedejade.com\/en\/bon-cadeau\/\" aria-label=\"Read more about Bon Cadeau\">Read more<\/a><\/p>","protected":false},"author":1,"featured_media":0,"parent":0,"menu_order":0,"comment_status":"closed","ping_status":"closed","template":"elementor_header_footer","meta":{"_glsr_average":0,"_glsr_ranking":0,"_glsr_reviews":0,"footnotes":""},"class_list":["post-2692","page","type-page","status-publish"],"yoast_head":"<!-- This site is optimized with the Yoast SEO plugin v27.2 - https:\/\/yoast.com\/product\/yoast-seo-wordpress\/ -->\n<title>Bon Cadeau - H\u00f4tel Neste de Jade, Saint-Lary Soulan, Hautes-Pyr\u00e9n\u00e9es<\/title>\n<meta name=\"robots\" content=\"index, follow, max-snippet:-1, max-image-preview:large, max-video-preview:-1\" \/>\n<link rel=\"canonical\" href=\"https:\/\/hotelnestedejade.com\/en\/gift-card\/\" \/>\n<meta property=\"og:locale\" content=\"en_GB\" \/>\n<meta property=\"og:type\" content=\"article\" \/>\n<meta property=\"og:title\" content=\"Bon Cadeau - H\u00f4tel Neste de Jade, Saint-Lary Soulan, Hautes-Pyr\u00e9n\u00e9es\" \/>\n<meta property=\"og:description\" content=\"Bon cadeau PLAISIR D&rsquo;OFFRIR Pensez \u00e0 faire plaisir ou \u00e0 vous faire plaisir pour les anniversaires, f\u00eates des m\u00e8res et des p\u00e8res, Saint-Valentin, No\u00ebl ou encore pour un s\u00e9jour surprise. S\u00e9jour plaisir ENTRE 135\u20ac ET 200\u20ac Offrez une nuit de plaisir au c\u0153ur des Pyr\u00e9n\u00e9es dans une de nos chambres \u00e9l\u00e9gantes au d\u00e9cor bois\u00e9 et ... Read more\" \/>\n<meta property=\"og:url\" content=\"https:\/\/hotelnestedejade.com\/en\/gift-card\/\" \/>\n<meta property=\"og:site_name\" content=\"H\u00f4tel Neste de Jade, Saint-Lary Soulan, Hautes-Pyr\u00e9n\u00e9es\" \/>\n<meta property=\"article:modified_time\" content=\"2025-09-03T22:15:55+00:00\" \/>\n<meta name=\"twitter:card\" content=\"summary_large_image\" \/>\n<meta name=\"twitter:label1\" content=\"Estimated reading time\" \/>\n\t<meta name=\"twitter:data1\" content=\"1 minute\" \/>\n<script type=\"application\/ld+json\" class=\"yoast-schema-graph\">{\"@context\":\"https:\/\/schema.org\",\"@graph\":[{\"@type\":\"WebPage\",\"@id\":\"https:\/\/hotelnestedejade.com\/bon-cadeau\/\",\"url\":\"https:\/\/hotelnestedejade.com\/bon-cadeau\/\",\"name\":\"Bon Cadeau - H\u00f4tel Neste de Jade, Saint-Lary Soulan, Hautes-Pyr\u00e9n\u00e9es\",\"isPartOf\":{\"@id\":\"https:\/\/hotelnestedejade.com\/#website\"},\"datePublished\":\"2023-11-09T13:42:11+00:00\",\"dateModified\":\"2025-09-03T22:15:55+00:00\",\"breadcrumb\":{\"@id\":\"https:\/\/hotelnestedejade.com\/bon-cadeau\/#breadcrumb\"},\"inLanguage\":\"en-GB\",\"potentialAction\":[{\"@type\":\"ReadAction\",\"target\":[\"https:\/\/hotelnestedejade.com\/bon-cadeau\/\"]}]},{\"@type\":\"BreadcrumbList\",\"@id\":\"https:\/\/hotelnestedejade.com\/bon-cadeau\/#breadcrumb\",\"itemListElement\":[{\"@type\":\"ListItem\",\"position\":1,\"name\":\"Accueil\",\"item\":\"https:\/\/hotelnestedejade.com\/\"},{\"@type\":\"ListItem\",\"position\":2,\"name\":\"Bon Cadeau\"}]},{\"@type\":\"WebSite\",\"@id\":\"https:\/\/hotelnestedejade.com\/#website\",\"url\":\"https:\/\/hotelnestedejade.com\/\",\"name\":\"H\u00f4tel Neste de Jade, Saint-Lary Soulan, Hautes-Pyr\u00e9n\u00e9es\",\"description\":\"H\u00f4tel \u00e0 Saint Lary Soulan, Hautes-Pyr\u00e9n\u00e9es 65\",\"publisher\":{\"@id\":\"https:\/\/hotelnestedejade.com\/#organization\"},\"potentialAction\":[{\"@type\":\"SearchAction\",\"target\":{\"@type\":\"EntryPoint\",\"urlTemplate\":\"https:\/\/hotelnestedejade.com\/?s={search_term_string}\"},\"query-input\":{\"@type\":\"PropertyValueSpecification\",\"valueRequired\":true,\"valueName\":\"search_term_string\"}}],\"inLanguage\":\"en-GB\"},{\"@type\":\"Organization\",\"@id\":\"https:\/\/hotelnestedejade.com\/#organization\",\"name\":\"H\u00f4tel Neste de Jade\",\"url\":\"https:\/\/hotelnestedejade.com\/\",\"logo\":{\"@type\":\"ImageObject\",\"inLanguage\":\"en-GB\",\"@id\":\"https:\/\/hotelnestedejade.com\/#\/schema\/logo\/image\/\",\"url\":\"https:\/\/hotelnestedejade.com\/wp-content\/uploads\/2020\/03\/logo-1.png\",\"contentUrl\":\"https:\/\/hotelnestedejade.com\/wp-content\/uploads\/2020\/03\/logo-1.png\",\"width\":504,\"height\":179,\"caption\":\"H\u00f4tel Neste de Jade\"},\"image\":{\"@id\":\"https:\/\/hotelnestedejade.com\/#\/schema\/logo\/image\/\"}}]}<\/script>\n<!-- \/ Yoast SEO plugin. -->","yoast_head_json":{"title":"Gift Card - Neste de Jade Hotel, Saint Lary Soulan, High Pyrenees, France","robots":{"index":"index","follow":"follow","max-snippet":"max-snippet:-1","max-image-preview":"max-image-preview:large","max-video-preview":"max-video-preview:-1"},"canonical":"https:\/\/hotelnestedejade.com\/en\/gift-card\/","og_locale":"en_GB","og_type":"article","og_title":"Bon Cadeau - H\u00f4tel Neste de Jade, Saint-Lary Soulan, Hautes-Pyr\u00e9n\u00e9es","og_description":"Bon cadeau PLAISIR D&rsquo;OFFRIR Pensez \u00e0 faire plaisir ou \u00e0 vous faire plaisir pour les anniversaires, f\u00eates des m\u00e8res et des p\u00e8res, Saint-Valentin, No\u00ebl ou encore pour un s\u00e9jour surprise. S\u00e9jour plaisir ENTRE 135\u20ac ET 200\u20ac Offrez une nuit de plaisir au c\u0153ur des Pyr\u00e9n\u00e9es dans une de nos chambres \u00e9l\u00e9gantes au d\u00e9cor bois\u00e9 et ... Read more","og_url":"https:\/\/hotelnestedejade.com\/en\/gift-card\/","og_site_name":"H\u00f4tel Neste de Jade, Saint-Lary Soulan, Hautes-Pyr\u00e9n\u00e9es","article_modified_time":"2025-09-03T22:15:55+00:00","twitter_card":"summary_large_image","twitter_misc":{"Estimated reading time":"1 minute"},"schema":{"@context":"https:\/\/schema.org","@graph":[{"@type":"WebPage","@id":"https:\/\/hotelnestedejade.com\/bon-cadeau\/","url":"https:\/\/hotelnestedejade.com\/bon-cadeau\/","name":"Gift Card - Neste de Jade Hotel, Saint Lary Soulan, High Pyrenees, France","isPartOf":{"@id":"https:\/\/hotelnestedejade.com\/#website"},"datePublished":"2023-11-09T13:42:11+00:00","dateModified":"2025-09-03T22:15:55+00:00","breadcrumb":{"@id":"https:\/\/hotelnestedejade.com\/bon-cadeau\/#breadcrumb"},"inLanguage":"en-GB","potentialAction":[{"@type":"ReadAction","target":["https:\/\/hotelnestedejade.com\/bon-cadeau\/"]}]},{"@type":"BreadcrumbList","@id":"https:\/\/hotelnestedejade.com\/bon-cadeau\/#breadcrumb","itemListElement":[{"@type":"ListItem","position":1,"name":"Accueil","item":"https:\/\/hotelnestedejade.com\/"},{"@type":"ListItem","position":2,"name":"Bon Cadeau"}]},{"@type":"WebSite","@id":"https:\/\/hotelnestedejade.com\/#website","url":"https:\/\/hotelnestedejade.com\/","name":"Neste de Jade Hotel, Saint Lary Soulan, High Pyrenees, France","description":"H\u00f4tel \u00e0 Saint Lary Soulan, Hautes-Pyr\u00e9n\u00e9es 65","publisher":{"@id":"https:\/\/hotelnestedejade.com\/#organization"},"potentialAction":[{"@type":"SearchAction","target":{"@type":"EntryPoint","urlTemplate":"https:\/\/hotelnestedejade.com\/?s={search_term_string}"},"query-input":{"@type":"PropertyValueSpecification","valueRequired":true,"valueName":"search_term_string"}}],"inLanguage":"en-GB"},{"@type":"Organization","@id":"https:\/\/hotelnestedejade.com\/#organization","name":"H\u00f4tel Neste de Jade","url":"https:\/\/hotelnestedejade.com\/","logo":{"@type":"ImageObject","inLanguage":"en-GB","@id":"https:\/\/hotelnestedejade.com\/#\/schema\/logo\/image\/","url":"https:\/\/hotelnestedejade.com\/wp-content\/uploads\/2020\/03\/logo-1.png","contentUrl":"https:\/\/hotelnestedejade.com\/wp-content\/uploads\/2020\/03\/logo-1.png","width":504,"height":179,"caption":"H\u00f4tel Neste de Jade"},"image":{"@id":"https:\/\/hotelnestedejade.com\/#\/schema\/logo\/image\/"}}]}},"_links":{"self":[{"href":"https:\/\/hotelnestedejade.com\/en\/wp-json\/wp\/v2\/pages\/2692","targetHints":{"allow":["GET"]}}],"collection":[{"href":"https:\/\/hotelnestedejade.com\/en\/wp-json\/wp\/v2\/pages"}],"about":[{"href":"https:\/\/hotelnestedejade.com\/en\/wp-json\/wp\/v2\/types\/page"}],"author":[{"embeddable":true,"href":"https:\/\/hotelnestedejade.com\/en\/wp-json\/wp\/v2\/users\/1"}],"replies":[{"embeddable":true,"href":"https:\/\/hotelnestedejade.com\/en\/wp-json\/wp\/v2\/comments?post=2692"}],"version-history":[{"count":40,"href":"https:\/\/hotelnestedejade.com\/en\/wp-json\/wp\/v2\/pages\/2692\/revisions"}],"predecessor-version":[{"id":3186,"href":"https:\/\/hotelnestedejade.com\/en\/wp-json\/wp\/v2\/pages\/2692\/revisions\/3186"}],"wp:attachment":[{"href":"https:\/\/hotelnestedejade.com\/en\/wp-json\/wp\/v2\/media?parent=2692"}],"curies":[{"name":"wp","href":"https:\/\/api.w.org\/{rel}","templated":true}]}}