{"id":1233,"date":"2020-03-13T14:59:32","date_gmt":"2020-03-13T13:59:32","guid":{"rendered":"https:\/\/hotelnestedejade.com\/site2020\/?page_id=1233"},"modified":"2020-03-27T11:59:37","modified_gmt":"2020-03-27T10:59:37","slug":"reservation","status":"publish","type":"page","link":"https:\/\/hotelnestedejade.com\/en\/reservation\/","title":{"rendered":"Booking"},"content":{"rendered":"<div data-elementor-type=\"wp-page\" data-elementor-id=\"1233\" class=\"elementor elementor-1233\" data-elementor-post-type=\"page\">\n\t\t\t\t\t\t<section class=\"elementor-section elementor-top-section elementor-element elementor-element-32419ffc elementor-section-stretched elementor-section-full_width elementor-section-height-min-height en-tete elementor-section-height-default elementor-section-items-middle\" data-id=\"32419ffc\" data-element_type=\"section\" data-e-type=\"section\" data-settings=\"{&quot;stretch_section&quot;:&quot;section-stretched&quot;,&quot;background_background&quot;:&quot;classic&quot;}\">\n\t\t\t\t\t\t\t<div class=\"elementor-background-overlay\"><\/div>\n\t\t\t\t\t\t\t<div class=\"elementor-container elementor-column-gap-default\">\n\t\t\t\t\t<div class=\"elementor-column elementor-col-100 elementor-top-column elementor-element elementor-element-59d3eb6f\" data-id=\"59d3eb6f\" data-element_type=\"column\" data-e-type=\"column\">\n\t\t\t<div class=\"elementor-widget-wrap elementor-element-populated\">\n\t\t\t\t\t\t<div class=\"elementor-element elementor-element-3d762ab5 elementor-widget__width-auto elementor-widget elementor-widget-heading\" data-id=\"3d762ab5\" data-element_type=\"widget\" data-e-type=\"widget\" data-widget_type=\"heading.default\">\n\t\t\t\t<div class=\"elementor-widget-container\">\n\t\t\t\t\t<h1 class=\"elementor-heading-title elementor-size-default\">Booking<\/h1>\t\t\t\t<\/div>\n\t\t\t\t<\/div>\n\t\t\t\t\t<\/div>\n\t\t<\/div>\n\t\t\t\t\t<\/div>\n\t\t<\/section>\n\t\t\t\t<section class=\"elementor-section elementor-top-section elementor-element elementor-element-4f74eba elementor-section-stretched elementor-section-items-top elementor-section-height-full elementor-section-boxed elementor-section-height-default\" data-id=\"4f74eba\" data-element_type=\"section\" data-e-type=\"section\" id=\"mb-iframe-container\" data-settings=\"{&quot;stretch_section&quot;:&quot;section-stretched&quot;,&quot;background_background&quot;:&quot;classic&quot;}\">\n\t\t\t\t\t\t<div class=\"elementor-container elementor-column-gap-default\">\n\t\t\t\t\t<div class=\"elementor-column elementor-col-100 elementor-top-column elementor-element elementor-element-a25ea6a\" data-id=\"a25ea6a\" data-element_type=\"column\" data-e-type=\"column\">\n\t\t\t<div class=\"elementor-widget-wrap elementor-element-populated\">\n\t\t\t\t\t\t<div class=\"elementor-element elementor-element-b6a3c35 elementor-widget elementor-widget-html\" data-id=\"b6a3c35\" data-element_type=\"widget\" data-e-type=\"widget\" data-widget_type=\"html.default\">\n\t\t\t\t<div class=\"elementor-widget-container\">\n\t\t\t\t\t<iframe id=\"mb-iframe\" src=\"https:\/\/www.secure-direct-hotel-booking.com\/module_booking_engine\/index.php?id_etab=1e483692332d3c08af5cab48942fafc4&langue=francais\" ><\/iframe>\t\t\t\t<\/div>\n\t\t\t\t<\/div>\n\t\t\t\t\t<\/div>\n\t\t<\/div>\n\t\t\t\t\t<\/div>\n\t\t<\/section>\n\t\t\t\t<section class=\"elementor-section elementor-top-section elementor-element elementor-element-44cf4f9 elementor-section-boxed elementor-section-height-default elementor-section-height-default\" data-id=\"44cf4f9\" data-element_type=\"section\" data-e-type=\"section\">\n\t\t\t\t\t\t<div class=\"elementor-container elementor-column-gap-default\">\n\t\t\t\t\t<div class=\"elementor-column elementor-col-100 elementor-top-column elementor-element elementor-element-8c4d219\" data-id=\"8c4d219\" data-element_type=\"column\" data-e-type=\"column\">\n\t\t\t<div class=\"elementor-widget-wrap elementor-element-populated\">\n\t\t\t\t\t\t<div class=\"elementor-element elementor-element-c094acd elementor-widget elementor-widget-heading\" data-id=\"c094acd\" data-element_type=\"widget\" data-e-type=\"widget\" data-widget_type=\"heading.default\">\n\t\t\t\t<div class=\"elementor-widget-container\">\n\t\t\t\t\t<h3 class=\"elementor-heading-title elementor-size-default\">Avant de r\u00e9server<\/h3>\t\t\t\t<\/div>\n\t\t\t\t<\/div>\n\t\t\t\t<div class=\"elementor-element elementor-element-5801475 elementor-widget elementor-widget-heading\" data-id=\"5801475\" data-element_type=\"widget\" data-e-type=\"widget\" data-widget_type=\"heading.default\">\n\t\t\t\t<div class=\"elementor-widget-container\">\n\t\t\t\t\t<h2 class=\"elementor-heading-title elementor-size-default\">Informations utiles pour votre s\u00e9jour<\/h2>\t\t\t\t<\/div>\n\t\t\t\t<\/div>\n\t\t\t\t<div class=\"elementor-element elementor-element-935b39e elementor-widget elementor-widget-text-editor\" data-id=\"935b39e\" data-element_type=\"widget\" data-e-type=\"widget\" data-widget_type=\"text-editor.default\">\n\t\t\t\t<div class=\"elementor-widget-container\">\n\t\t\t\t\t\t\t\t\t<p class=\"highlight\">R\u00e9servations:<\/p>\n<p>Chaque r\u00e9servation doit \u00eatre garantie par une empreinte de carte bancaire. La validit\u00e9 de votre carte de cr\u00e9dit sera v\u00e9rifi\u00e9e par nos soins, et toute carte invalide entrainera l\u2019annulation de votre r\u00e9servation. Nous nous r\u00e9servons le droit d\u2019effectuer une pr\u00e9-autorisation avant la date d\u2019arriv\u00e9e.<\/p>\n<p class=\"highlight\">Annulation et modifications:<\/p>\n<p>Jusqu\u2019\u00e0 5 jours avant l\u2019arriv\u00e9e pr\u00e9vue: pas de frais d\u2019annulation. A moins de 5 jours: 100% de la premi\u00e8re nuit\u00e9e. Avec l&rsquo;assurance annulation vous pouvez annuler gratuitement jusqu&rsquo;au jour de votre arriv\u00e9e (seuls les frais d&rsquo;assurance seront pr\u00e9lev\u00e9s).<\/p>\n<p class=\"highlight\">Petit D\u00e9jeuner:<\/p>\n<p>Le tarif du petit d\u00e9jeuner est de 9,90 \u20ac pour les plus de 12 ans, 6,90 \u20ac pour les enfants de 5 \u00e0 11 ans inclus, et offert pour les plus jeunes.<\/p>\n<p class=\"highlight\">Taxe de s\u00e9jour:<\/p>\n<p>Le montant de la taxe de s\u00e9jour est de 1,40 \u20ac par jour et par personne de plus de 18 ans.<\/p>\n<p class=\"highlight\">Parking \/ Local:<\/p>\n<p>Un parking est disponible gratuitement (sans r\u00e9servation pr\u00e9alable) ainsi qu\u2019un garage \u00e0 v\u00e9lo, et un gardiennage pour les skis vous attend au magasin INTERSPORT attenant \u00e0 l\u2019h\u00f4tel.<\/p>\n<p class=\"highlight\">Lit b\u00e9b\u00e9 (-2 ans):<\/p>\n<p>Les lits b\u00e9b\u00e9 sont uniquement disponibles sur demande et selon disponibilit\u00e9.<\/p>\n<p class=\"highlight\">Animaux:<\/p>\n<p>Ils sont accept\u00e9s avec un suppl\u00e9ment de 5 \u20ac. Ils ne doivent pas rester seuls dans la chambre et en aucun cas perturber la tranquillit\u00e9 des autres clients.<\/p>\t\t\t\t\t\t\t\t<\/div>\n\t\t\t\t<\/div>\n\t\t\t\t\t<\/div>\n\t\t<\/div>\n\t\t\t\t\t<\/div>\n\t\t<\/section>\n\t\t\t\t<section class=\"elementor-section elementor-top-section elementor-element elementor-element-f7749c6 elementor-section-stretched elementor-section-full_width elementor-section-height-default elementor-section-height-default\" data-id=\"f7749c6\" data-element_type=\"section\" data-e-type=\"section\" data-settings=\"{&quot;stretch_section&quot;:&quot;section-stretched&quot;}\">\n\t\t\t\t\t\t<div class=\"elementor-container elementor-column-gap-default\">\n\t\t\t\t\t<div class=\"elementor-column elementor-col-100 elementor-top-column elementor-element elementor-element-3574e59\" data-id=\"3574e59\" data-element_type=\"column\" data-e-type=\"column\">\n\t\t\t<div class=\"elementor-widget-wrap elementor-element-populated\">\n\t\t\t\t\t\t<div class=\"elementor-element elementor-element-c763065 elementor-widget elementor-widget-google_maps\" data-id=\"c763065\" data-element_type=\"widget\" data-e-type=\"widget\" data-widget_type=\"google_maps.default\">\n\t\t\t\t<div class=\"elementor-widget-container\">\n\t\t\t\t\t\t\t<div class=\"elementor-custom-embed\">\n\t\t\t<iframe loading=\"lazy\"\n\t\t\t\t\tsrc=\"https:\/\/maps.google.com\/maps?q=Hotel%20Neste%20de%20Jade%2C%20Graou%C3%A8s%2C%20Vignec&#038;t=m&#038;z=11&#038;output=embed&#038;iwloc=near\"\n\t\t\t\t\ttitle=\"Hotel Neste de Jade, Graou\u00e8s, Vignec\"\n\t\t\t\t\taria-label=\"Hotel Neste de Jade, Graou\u00e8s, Vignec\"\n\t\t\t><\/iframe>\n\t\t<\/div>\n\t\t\t\t\t\t<\/div>\n\t\t\t\t<\/div>\n\t\t\t\t\t<\/div>\n\t\t<\/div>\n\t\t\t\t\t<\/div>\n\t\t<\/section>\n\t\t\t\t<\/div>","protected":false},"excerpt":{"rendered":"<p>R\u00e9servation Avant de r\u00e9server Informations utiles pour votre s\u00e9jour R\u00e9servations: Chaque r\u00e9servation doit \u00eatre garantie par une empreinte de carte bancaire. La validit\u00e9 de votre carte de cr\u00e9dit sera v\u00e9rifi\u00e9e par nos soins, et toute carte invalide entrainera l\u2019annulation de votre r\u00e9servation. Nous nous r\u00e9servons le droit d\u2019effectuer une pr\u00e9-autorisation avant la date d\u2019arriv\u00e9e. Annulation &#8230; <a title=\"Booking\" class=\"read-more\" href=\"https:\/\/hotelnestedejade.com\/en\/reservation\/\" aria-label=\"Read more about R\u00e9servation\">Read more<\/a><\/p>","protected":false},"author":1,"featured_media":0,"parent":0,"menu_order":0,"comment_status":"closed","ping_status":"closed","template":"elementor_header_footer","meta":{"_glsr_average":0,"_glsr_ranking":0,"_glsr_reviews":0,"footnotes":""},"class_list":["post-1233","page","type-page","status-publish"],"yoast_head":"<!-- This site is optimized with the Yoast SEO plugin v27.2 - https:\/\/yoast.com\/product\/yoast-seo-wordpress\/ -->\n<title>R\u00e9servation - H\u00f4tel Neste de Jade, Saint-Lary Soulan, Hautes-Pyr\u00e9n\u00e9es<\/title>\n<meta name=\"robots\" content=\"index, follow, max-snippet:-1, max-image-preview:large, max-video-preview:-1\" \/>\n<link rel=\"canonical\" href=\"https:\/\/hotelnestedejade.com\/en\/reservation\/\" \/>\n<meta property=\"og:locale\" content=\"en_GB\" \/>\n<meta property=\"og:type\" content=\"article\" \/>\n<meta property=\"og:title\" content=\"R\u00e9servation - H\u00f4tel Neste de Jade, Saint-Lary Soulan, Hautes-Pyr\u00e9n\u00e9es\" \/>\n<meta property=\"og:description\" content=\"R\u00e9servation Avant de r\u00e9server Informations utiles pour votre s\u00e9jour R\u00e9servations: Chaque r\u00e9servation doit \u00eatre garantie par une empreinte de carte bancaire. La validit\u00e9 de votre carte de cr\u00e9dit sera v\u00e9rifi\u00e9e par nos soins, et toute carte invalide entrainera l\u2019annulation de votre r\u00e9servation. Nous nous r\u00e9servons le droit d\u2019effectuer une pr\u00e9-autorisation avant la date d\u2019arriv\u00e9e. Annulation ... Read more\" \/>\n<meta property=\"og:url\" content=\"https:\/\/hotelnestedejade.com\/en\/reservation\/\" \/>\n<meta property=\"og:site_name\" content=\"H\u00f4tel Neste de Jade, Saint-Lary Soulan, Hautes-Pyr\u00e9n\u00e9es\" \/>\n<meta property=\"article:modified_time\" content=\"2020-03-27T10:59:37+00:00\" \/>\n<meta name=\"twitter:card\" content=\"summary_large_image\" \/>\n<meta name=\"twitter:label1\" content=\"Estimated reading time\" \/>\n\t<meta name=\"twitter:data1\" content=\"1 minute\" \/>\n<script type=\"application\/ld+json\" class=\"yoast-schema-graph\">{\"@context\":\"https:\/\/schema.org\",\"@graph\":[{\"@type\":\"WebPage\",\"@id\":\"https:\/\/hotelnestedejade.com\/reservation\/\",\"url\":\"https:\/\/hotelnestedejade.com\/reservation\/\",\"name\":\"R\u00e9servation - H\u00f4tel Neste de Jade, Saint-Lary Soulan, Hautes-Pyr\u00e9n\u00e9es\",\"isPartOf\":{\"@id\":\"https:\/\/hotelnestedejade.com\/#website\"},\"datePublished\":\"2020-03-13T13:59:32+00:00\",\"dateModified\":\"2020-03-27T10:59:37+00:00\",\"breadcrumb\":{\"@id\":\"https:\/\/hotelnestedejade.com\/reservation\/#breadcrumb\"},\"inLanguage\":\"en-GB\",\"potentialAction\":[{\"@type\":\"ReadAction\",\"target\":[\"https:\/\/hotelnestedejade.com\/reservation\/\"]}]},{\"@type\":\"BreadcrumbList\",\"@id\":\"https:\/\/hotelnestedejade.com\/reservation\/#breadcrumb\",\"itemListElement\":[{\"@type\":\"ListItem\",\"position\":1,\"name\":\"Accueil\",\"item\":\"https:\/\/hotelnestedejade.com\/\"},{\"@type\":\"ListItem\",\"position\":2,\"name\":\"R\u00e9servation\"}]},{\"@type\":\"WebSite\",\"@id\":\"https:\/\/hotelnestedejade.com\/#website\",\"url\":\"https:\/\/hotelnestedejade.com\/\",\"name\":\"H\u00f4tel Neste de Jade, Saint-Lary Soulan, Hautes-Pyr\u00e9n\u00e9es\",\"description\":\"H\u00f4tel \u00e0 Saint Lary Soulan, Hautes-Pyr\u00e9n\u00e9es 65\",\"publisher\":{\"@id\":\"https:\/\/hotelnestedejade.com\/#organization\"},\"potentialAction\":[{\"@type\":\"SearchAction\",\"target\":{\"@type\":\"EntryPoint\",\"urlTemplate\":\"https:\/\/hotelnestedejade.com\/?s={search_term_string}\"},\"query-input\":{\"@type\":\"PropertyValueSpecification\",\"valueRequired\":true,\"valueName\":\"search_term_string\"}}],\"inLanguage\":\"en-GB\"},{\"@type\":\"Organization\",\"@id\":\"https:\/\/hotelnestedejade.com\/#organization\",\"name\":\"H\u00f4tel Neste de Jade\",\"url\":\"https:\/\/hotelnestedejade.com\/\",\"logo\":{\"@type\":\"ImageObject\",\"inLanguage\":\"en-GB\",\"@id\":\"https:\/\/hotelnestedejade.com\/#\/schema\/logo\/image\/\",\"url\":\"https:\/\/hotelnestedejade.com\/wp-content\/uploads\/2020\/03\/logo-1.png\",\"contentUrl\":\"https:\/\/hotelnestedejade.com\/wp-content\/uploads\/2020\/03\/logo-1.png\",\"width\":504,\"height\":179,\"caption\":\"H\u00f4tel Neste de Jade\"},\"image\":{\"@id\":\"https:\/\/hotelnestedejade.com\/#\/schema\/logo\/image\/\"}}]}<\/script>\n<!-- \/ Yoast SEO plugin. -->","yoast_head_json":{"title":"R\u00e9servation - H\u00f4tel Neste de Jade, Saint-Lary Soulan, Hautes-Pyr\u00e9n\u00e9es","robots":{"index":"index","follow":"follow","max-snippet":"max-snippet:-1","max-image-preview":"max-image-preview:large","max-video-preview":"max-video-preview:-1"},"canonical":"https:\/\/hotelnestedejade.com\/en\/reservation\/","og_locale":"en_GB","og_type":"article","og_title":"R\u00e9servation - H\u00f4tel Neste de Jade, Saint-Lary Soulan, Hautes-Pyr\u00e9n\u00e9es","og_description":"R\u00e9servation Avant de r\u00e9server Informations utiles pour votre s\u00e9jour R\u00e9servations: Chaque r\u00e9servation doit \u00eatre garantie par une empreinte de carte bancaire. La validit\u00e9 de votre carte de cr\u00e9dit sera v\u00e9rifi\u00e9e par nos soins, et toute carte invalide entrainera l\u2019annulation de votre r\u00e9servation. Nous nous r\u00e9servons le droit d\u2019effectuer une pr\u00e9-autorisation avant la date d\u2019arriv\u00e9e. Annulation ... Read more","og_url":"https:\/\/hotelnestedejade.com\/en\/reservation\/","og_site_name":"H\u00f4tel Neste de Jade, Saint-Lary Soulan, Hautes-Pyr\u00e9n\u00e9es","article_modified_time":"2020-03-27T10:59:37+00:00","twitter_card":"summary_large_image","twitter_misc":{"Estimated reading time":"1 minute"},"schema":{"@context":"https:\/\/schema.org","@graph":[{"@type":"WebPage","@id":"https:\/\/hotelnestedejade.com\/reservation\/","url":"https:\/\/hotelnestedejade.com\/reservation\/","name":"R\u00e9servation - H\u00f4tel Neste de Jade, Saint-Lary Soulan, Hautes-Pyr\u00e9n\u00e9es","isPartOf":{"@id":"https:\/\/hotelnestedejade.com\/#website"},"datePublished":"2020-03-13T13:59:32+00:00","dateModified":"2020-03-27T10:59:37+00:00","breadcrumb":{"@id":"https:\/\/hotelnestedejade.com\/reservation\/#breadcrumb"},"inLanguage":"en-GB","potentialAction":[{"@type":"ReadAction","target":["https:\/\/hotelnestedejade.com\/reservation\/"]}]},{"@type":"BreadcrumbList","@id":"https:\/\/hotelnestedejade.com\/reservation\/#breadcrumb","itemListElement":[{"@type":"ListItem","position":1,"name":"Accueil","item":"https:\/\/hotelnestedejade.com\/"},{"@type":"ListItem","position":2,"name":"R\u00e9servation"}]},{"@type":"WebSite","@id":"https:\/\/hotelnestedejade.com\/#website","url":"https:\/\/hotelnestedejade.com\/","name":"Neste de Jade Hotel, Saint Lary Soulan, High Pyrenees, France","description":"H\u00f4tel \u00e0 Saint Lary Soulan, Hautes-Pyr\u00e9n\u00e9es 65","publisher":{"@id":"https:\/\/hotelnestedejade.com\/#organization"},"potentialAction":[{"@type":"SearchAction","target":{"@type":"EntryPoint","urlTemplate":"https:\/\/hotelnestedejade.com\/?s={search_term_string}"},"query-input":{"@type":"PropertyValueSpecification","valueRequired":true,"valueName":"search_term_string"}}],"inLanguage":"en-GB"},{"@type":"Organization","@id":"https:\/\/hotelnestedejade.com\/#organization","name":"H\u00f4tel Neste de Jade","url":"https:\/\/hotelnestedejade.com\/","logo":{"@type":"ImageObject","inLanguage":"en-GB","@id":"https:\/\/hotelnestedejade.com\/#\/schema\/logo\/image\/","url":"https:\/\/hotelnestedejade.com\/wp-content\/uploads\/2020\/03\/logo-1.png","contentUrl":"https:\/\/hotelnestedejade.com\/wp-content\/uploads\/2020\/03\/logo-1.png","width":504,"height":179,"caption":"H\u00f4tel Neste de Jade"},"image":{"@id":"https:\/\/hotelnestedejade.com\/#\/schema\/logo\/image\/"}}]}},"_links":{"self":[{"href":"https:\/\/hotelnestedejade.com\/en\/wp-json\/wp\/v2\/pages\/1233","targetHints":{"allow":["GET"]}}],"collection":[{"href":"https:\/\/hotelnestedejade.com\/en\/wp-json\/wp\/v2\/pages"}],"about":[{"href":"https:\/\/hotelnestedejade.com\/en\/wp-json\/wp\/v2\/types\/page"}],"author":[{"embeddable":true,"href":"https:\/\/hotelnestedejade.com\/en\/wp-json\/wp\/v2\/users\/1"}],"replies":[{"embeddable":true,"href":"https:\/\/hotelnestedejade.com\/en\/wp-json\/wp\/v2\/comments?post=1233"}],"version-history":[{"count":63,"href":"https:\/\/hotelnestedejade.com\/en\/wp-json\/wp\/v2\/pages\/1233\/revisions"}],"predecessor-version":[{"id":1697,"href":"https:\/\/hotelnestedejade.com\/en\/wp-json\/wp\/v2\/pages\/1233\/revisions\/1697"}],"wp:attachment":[{"href":"https:\/\/hotelnestedejade.com\/en\/wp-json\/wp\/v2\/media?parent=1233"}],"curies":[{"name":"wp","href":"https:\/\/api.w.org\/{rel}","templated":true}]}}